{"id":842,"date":"2025-04-09T07:06:15","date_gmt":"2025-04-09T07:06:15","guid":{"rendered":"https:\/\/progresstunnels.cz\/?page_id=842"},"modified":"2025-04-16T10:05:41","modified_gmt":"2025-04-16T10:05:41","slug":"tunele-magazynowe","status":"publish","type":"page","link":"https:\/\/progresstunnels.cz\/?page_id=842","title":{"rendered":"Tunele Magazynowe"},"content":{"rendered":"<div class=\"wpb-content-wrapper\"><p>[vc_section full_height=&#8221;yes&#8221; css=&#8221;.vc_custom_1744183270467{background-image: url(http:\/\/progresstunnels.cz\/wp-content\/uploads\/2025\/04\/wh-stortun.jpeg?id=833) !important;background-position: center !important;background-repeat: no-repeat !important;background-size: cover !important;}&#8221;][\/vc_section][vc_row][vc_column width=&#8221;1\/2&#8243;][vc_empty_space][vc_single_image image=&#8221;908&#8243; img_size=&#8221;full&#8221; onclick=&#8221;zoom&#8221; css=&#8221;&#8221;][\/vc_column][vc_column width=&#8221;1\/2&#8243;][vc_empty_space][vc_custom_heading text=&#8221;Hale Magazynowe \u2013 Idealnie Dopasowane do Twoich Potrzeb&#8221; css=&#8221;&#8221;][vc_empty_space][vc_column_text css=&#8221;&#8221;]<\/p>\n<p class=\"\" data-start=\"61\" data-end=\"117\"><strong data-start=\"61\" data-end=\"117\">Wysokiej Jako\u015bci Hale Stalowe z Konstrukcj\u0105 Wi\u0119\u017abow\u0105<\/strong><\/p>\n<p class=\"\" data-start=\"119\" data-end=\"261\">Nasze hale namiotowe wyr\u00f3\u017cniaj\u0105 si\u0119 wyj\u0105tkow\u0105 stabilno\u015bci\u0105 \u2013 dzi\u0119ki solidnej konstrukcji wi\u0119\u017abowej oraz zastosowaniu wysokiej jako\u015bci plandek.<\/p>\n<p class=\"\" data-start=\"263\" data-end=\"510\">Taki spos\u00f3b budowy zapewnia nie tylko najwy\u017csz\u0105 jako\u015b\u0107 wykonania, ale r\u00f3wnie\u017c znacznie bardziej ekonomiczn\u0105 alternatyw\u0119 dla tradycyjnych hal murowanych. Dlatego nale\u017cymy do czo\u0142owych producent\u00f3w hal tunelowych bez potrzeby wykonywania fundament\u00f3w.<\/p>\n<p>[\/vc_column_text][\/vc_column][\/vc_row][vc_section css=&#8221;.vc_custom_1744184218068{background-color: #F7F7F7 !important;background-position: center !important;background-repeat: no-repeat !important;background-size: cover !important;}&#8221;][vc_row][vc_column width=&#8221;2\/3&#8243;][vc_custom_heading text=&#8221;Konstrukcja Wi\u0119\u017abowa \u2013 Unikalna na Rynku&#8221; css=&#8221;&#8221;][vc_empty_space][vc_column_text css=&#8221;&#8221;]<\/p>\n<div class=\"porto-u-main-heading\">\n<p class=\"\" data-start=\"46\" data-end=\"219\">Zastosowanie konstrukcji wi\u0119\u017abowej, w przeciwie\u0144stwie do tradycyjnych po\u0142\u0105cze\u0144 rurowych, niesie za sob\u0105 wiele korzy\u015bci \u2013 zar\u00f3wno pod wzgl\u0119dem technicznym, jak i praktycznym.<\/p>\n<p class=\"\" data-start=\"221\" data-end=\"324\">Tego typu konstrukcje wyr\u00f3\u017cniaj\u0105 si\u0119 wyj\u0105tkow\u0105 stabilno\u015bci\u0105, \u0142atwym monta\u017cem oraz estetycznym wygl\u0105dem.<\/p>\n<p class=\"\" data-start=\"326\" data-end=\"464\">Dzi\u0119ki innowacyjnemu podej\u015bciu in\u017cynieryjnemu s\u0105 idealnym rozwi\u0105zaniem tam, gdzie trwa\u0142o\u015b\u0107, wydajno\u015b\u0107 i wygl\u0105d maj\u0105 r\u00f3wnie du\u017ce znaczenie.<\/p>\n<\/div>\n<p>[\/vc_column_text][\/vc_column][vc_column width=&#8221;1\/3&#8243;][vc_single_image image=&#8221;880&#8243; img_size=&#8221;large&#8221; onclick=&#8221;zoom&#8221; css=&#8221;&#8221;][\/vc_column][\/vc_row][\/vc_section][vc_section css=&#8221;.vc_custom_1744184329042{background-position: center !important;background-repeat: no-repeat !important;background-size: cover !important;}&#8221;][vc_row][vc_column width=&#8221;2\/3&#8243;][vc_column_text css=&#8221;&#8221;]<\/p>\n<h2 data-start=\"0\" data-end=\"39\"><strong data-start=\"0\" data-end=\"39\">Hale Stalowe \u2013 28 Lat Do\u015bwiadczenia<\/strong><\/h2>\n<p class=\"\" data-start=\"41\" data-end=\"127\"><strong data-start=\"41\" data-end=\"127\">Z.M. Progress \u2013 28 Lat Sprawdzonej Niezawodno\u015bci w Produkcji Konstrukcji Stalowych<\/strong><\/p>\n<p class=\"\" data-start=\"129\" data-end=\"374\">Od 1995 roku Z.M. Progress nieprzerwanie dostarcza sprawdzone rozwi\u0105zania w zakresie produkcji lekkich konstrukcji stalowych. Dzi\u0119ki solidnemu do\u015bwiadczeniu i ugruntowanej pozycji na rynku, jeste\u015bmy zaufanym partnerem dla klient\u00f3w z wielu bran\u017c.<\/p>\n<p class=\"\" data-start=\"376\" data-end=\"534\">Jeste\u015bmy dumnymi w\u0142a\u015bcicielami uznanej marki <strong data-start=\"421\" data-end=\"439\">\u201eHale na Bale\u201d<\/strong>, kt\u00f3ra sta\u0142a si\u0119 synonimem jako\u015bci, elastyczno\u015bci i niezawodno\u015bci w dziedzinie hal tunelowych.<\/p>\n<p>[\/vc_column_text][\/vc_column][vc_column width=&#8221;1\/3&#8243;][vc_single_image image=&#8221;864&#8243; img_size=&#8221;large&#8221; css=&#8221;&#8221;][\/vc_column][\/vc_row][\/vc_section][vc_section css=&#8221;.vc_custom_1744184329042{background-position: center !important;background-repeat: no-repeat !important;background-size: cover !important;}&#8221;][vc_row][vc_column][vc_custom_heading text=&#8221;Poznaj Kluczowe Elementy, Kt\u00f3re Czyni\u0105 Nas Liderem Rynku&#8221; font_container=&#8221;tag:h2|text_align:center&#8221; css=&#8221;&#8221;][vc_empty_space][\/vc_column][\/vc_row][vc_row][vc_column width=&#8221;1\/3&#8243;][vc_single_image image=&#8221;857&#8243; alignment=&#8221;center&#8221; css=&#8221;&#8221;][vc_custom_heading text=&#8221;Gwarancja do 10 Lat&#8221; font_container=&#8221;tag:h3|text_align:center&#8221; css=&#8221;&#8221;][vc_column_text css=&#8221;&#8221;]<\/p>\n<div class=\"porto-sicon-header\">\n<p>Wybieraj\u0105c produkt od <strong data-start=\"47\" data-end=\"67\">PROGRESS TUNNELS<\/strong>, wybierasz <strong data-start=\"79\" data-end=\"106\">spok\u00f3j i bezpiecze\u0144stwo<\/strong> \u2013 Twoja inwestycja obj\u0119ta jest gwarancj\u0105 nawet do 10 lat.<\/p>\n<\/div>\n<p>[\/vc_column_text][\/vc_column][vc_column width=&#8221;1\/3&#8243;][vc_single_image image=&#8221;858&#8243; alignment=&#8221;center&#8221; css=&#8221;&#8221;][vc_custom_heading text=&#8221;1 600 Zrealizowanych Projekt\u00f3w Hal&#8221; font_container=&#8221;tag:h3|text_align:center&#8221; css=&#8221;&#8221;][vc_column_text css=&#8221;&#8221;]<\/p>\n<div class=\"porto-sicon-header\">\n<p>Z ponad <strong data-start=\"48\" data-end=\"93\">1 600 pomy\u015blnie zrealizowanymi projektami<\/strong> mo\u017cesz mie\u0107 pewno\u015b\u0107, \u017ce Twoja inwestycja znajduje si\u0119 w r\u0119kach do\u015bwiadczonych specjalist\u00f3w.<\/p>\n<\/div>\n<p>[\/vc_column_text][\/vc_column][vc_column width=&#8221;1\/3&#8243;][vc_single_image image=&#8221;859&#8243; alignment=&#8221;center&#8221; css=&#8221;&#8221;][vc_custom_heading text=&#8221;Bez Potrzeby Fundament\u00f3w&#8221; font_container=&#8221;tag:h3|text_align:center&#8221; css=&#8221;&#8221;][vc_column_text css=&#8221;&#8221;]<\/p>\n<div class=\"porto-sicon-header\">\n<p><strong data-start=\"30\" data-end=\"50\">PROGRESS TUNNELS<\/strong> oferuje hale, kt\u00f3re <strong data-start=\"71\" data-end=\"112\" data-is-only-node=\"\">nie wymagaj\u0105 tradycyjnych fundament\u00f3w<\/strong> \u2013 dzi\u0119ki temu proces budowy jest znacznie szybszy i bardziej op\u0142acalny.<\/p>\n<\/div>\n<p>[\/vc_column_text][\/vc_column][\/vc_row][\/vc_section][vc_section css=&#8221;.vc_custom_1744197039509{background-color: #F4F4F4 !important;background-position: center !important;background-repeat: no-repeat !important;background-size: cover !important;}&#8221;][vc_row][vc_column width=&#8221;1\/2&#8243;][vc_custom_heading text=&#8221;Zakres Zastosowa\u0144&#8221; css=&#8221;&#8221;][vc_column_text css=&#8221;&#8221;]Oferujemy wyj\u0105tkowo szerok\u0105 gam\u0119 produkt\u00f3w \u2013 nasze systemy hal dost\u0119pne s\u0105 w szeroko\u015bciach od <strong data-start=\"117\" data-end=\"132\">8\u202fm do 18\u202fm<\/strong>. W po\u0142\u0105czeniu z <strong data-start=\"149\" data-end=\"181\">najwy\u017csz\u0105 no\u015bno\u015bci\u0105 na rynku<\/strong> daje to niemal nieograniczone mo\u017cliwo\u015bci zastosowa\u0144, kt\u00f3re mo\u017cna elastycznie dopasowa\u0107 do r\u00f3\u017cnorodnych potrzeb i wymaga\u0144.[\/vc_column_text][vc_row_inner][vc_column_inner width=&#8221;1\/6&#8243;][vc_single_image image=&#8221;890&#8243; css=&#8221;&#8221;][\/vc_column_inner][vc_column_inner width=&#8221;2\/6&#8243;][vc_column_text css=&#8221;&#8221;]<\/p>\n<div class=\"porto-sicon-header\">\n<h4 class=\"porto-sicon-title\">Zadaszenia na bele s\u0142omy<\/h4>\n<\/div>\n<p>[\/vc_column_text][\/vc_column_inner][vc_column_inner width=&#8221;1\/6&#8243;][vc_single_image image=&#8221;890&#8243; css=&#8221;&#8221;][\/vc_column_inner][vc_column_inner width=&#8221;2\/6&#8243;][vc_column_text css=&#8221;&#8221;]<\/p>\n<div class=\"porto-sicon-header\">\n<h4 class=\"porto-sicon-title\">Wiaty dla zwierz\u0105t hodowlanych<\/h4>\n<\/div>\n<p>[\/vc_column_text][\/vc_column_inner][\/vc_row_inner][vc_row_inner][vc_column_inner width=&#8221;1\/6&#8243;][vc_single_image image=&#8221;890&#8243; css=&#8221;&#8221;][\/vc_column_inner][vc_column_inner width=&#8221;2\/6&#8243;][vc_column_text css=&#8221;&#8221;]<\/p>\n<div class=\"porto-sicon-header\">\n<div class=\"porto-sicon-header\">\n<h4 class=\"porto-sicon-title\">Ochrona maszyn rolniczych<\/h4>\n<\/div>\n<\/div>\n<p>[\/vc_column_text][\/vc_column_inner][vc_column_inner width=&#8221;1\/6&#8243;][vc_single_image image=&#8221;890&#8243; css=&#8221;&#8221;][\/vc_column_inner][vc_column_inner width=&#8221;2\/6&#8243;][vc_column_text css=&#8221;&#8221;]<\/p>\n<div class=\"porto-sicon-header\">\n<div class=\"porto-sicon-header\">\n<h4 class=\"porto-sicon-title\">Przykrycia zbiornik\u00f3w na gnojowic\u0119<\/h4>\n<\/div>\n<\/div>\n<p>[\/vc_column_text][\/vc_column_inner][\/vc_row_inner][vc_row_inner][vc_column_inner width=&#8221;1\/6&#8243;][vc_single_image image=&#8221;890&#8243; css=&#8221;&#8221;][\/vc_column_inner][vc_column_inner width=&#8221;2\/6&#8243;][vc_column_text css=&#8221;&#8221;]<\/p>\n<div class=\"porto-sicon-header\">\n<div class=\"porto-sicon-header\">\n<h4 class=\"porto-sicon-title\">Dachy silosowe na p\u0142ody rolne<\/h4>\n<\/div>\n<\/div>\n<p>[\/vc_column_text][\/vc_column_inner][vc_column_inner width=&#8221;1\/6&#8243;][vc_single_image image=&#8221;890&#8243; css=&#8221;&#8221;][\/vc_column_inner][vc_column_inner width=&#8221;2\/6&#8243;][vc_column_text css=&#8221;&#8221;]<\/p>\n<div class=\"porto-sicon-header\">\n<div class=\"porto-sicon-header\">\n<h4 class=\"porto-sicon-title\">Uje\u017cd\u017calnie i hale dla koni<\/h4>\n<\/div>\n<\/div>\n<p>[\/vc_column_text][\/vc_column_inner][\/vc_row_inner][vc_column_text css=&#8221;&#8221;]<strong data-start=\"0\" data-end=\"43\">Dodatkowe Zastosowania Poza Rolnictwem:<\/strong>[\/vc_column_text][vc_row_inner][vc_column_inner width=&#8221;1\/6&#8243;][vc_single_image image=&#8221;890&#8243; css=&#8221;&#8221;][\/vc_column_inner][vc_column_inner width=&#8221;2\/6&#8243;][vc_column_text css=&#8221;&#8221;]<\/p>\n<div class=\"porto-sicon-header\">\n<h4 class=\"porto-sicon-header\"><strong data-start=\"33\" data-end=\"52\">Hale magazynowe<\/strong><\/h4>\n<\/div>\n<p>[\/vc_column_text][\/vc_column_inner][vc_column_inner width=&#8221;1\/6&#8243;][vc_single_image image=&#8221;890&#8243; css=&#8221;&#8221;][\/vc_column_inner][vc_column_inner width=&#8221;2\/6&#8243;][vc_column_text css=&#8221;&#8221;]<\/p>\n<div class=\"porto-sicon-header\">\n<div class=\"porto-sicon-header\">\n<div class=\"porto-sicon-header\">\n<h4 class=\"porto-sicon-title\"><strong data-start=\"57\" data-end=\"82\">Hangary dla samolot\u00f3w<\/strong><\/h4>\n<\/div>\n<\/div>\n<\/div>\n<p>[\/vc_column_text][\/vc_column_inner][\/vc_row_inner][vc_row_inner][vc_column_inner width=&#8221;1\/6&#8243;][vc_single_image image=&#8221;890&#8243; css=&#8221;&#8221;][\/vc_column_inner][vc_column_inner width=&#8221;2\/6&#8243;][vc_column_text css=&#8221;&#8221;]<\/p>\n<div class=\"porto-sicon-header\">\n<div class=\"porto-sicon-header\">\n<div class=\"porto-sicon-header\">\n<h4 class=\"porto-sicon-title\"><strong data-start=\"87\" data-end=\"118\">Tymczasowe hale produkcyjne<\/strong><\/h4>\n<\/div>\n<\/div>\n<\/div>\n<p>[\/vc_column_text][\/vc_column_inner][vc_column_inner width=&#8221;1\/6&#8243;][vc_single_image image=&#8221;890&#8243; css=&#8221;&#8221;][\/vc_column_inner][vc_column_inner width=&#8221;2\/6&#8243;][vc_column_text css=&#8221;&#8221;]<\/p>\n<div class=\"porto-sicon-header\">\n<div class=\"porto-sicon-header\">\n<div class=\"porto-sicon-header\">\n<h4 class=\"porto-sicon-title\"><strong data-start=\"123\" data-end=\"154\">Zadaszenia boisk sportowych<\/strong><\/h4>\n<\/div>\n<\/div>\n<\/div>\n<p>[\/vc_column_text][\/vc_column_inner][\/vc_row_inner][vc_row_inner][vc_column_inner width=&#8221;1\/6&#8243;][vc_single_image image=&#8221;890&#8243; css=&#8221;&#8221;][\/vc_column_inner][vc_column_inner width=&#8221;2\/6&#8243;][vc_column_text css=&#8221;&#8221;]<\/p>\n<div class=\"porto-sicon-header\">\n<div class=\"porto-sicon-header\">\n<div class=\"porto-sicon-header\">\n<h4 class=\"porto-sicon-title\"><strong data-start=\"159\" data-end=\"190\">Obiekty myjni samochodowych<\/strong><\/h4>\n<\/div>\n<\/div>\n<\/div>\n<p>[\/vc_column_text][\/vc_column_inner][vc_column_inner width=&#8221;1\/6&#8243;][vc_single_image image=&#8221;890&#8243; css=&#8221;&#8221;][\/vc_column_inner][vc_column_inner width=&#8221;2\/6&#8243;][vc_column_text css=&#8221;&#8221;]<\/p>\n<div class=\"porto-sicon-header\">\n<div class=\"porto-sicon-header\">\n<div class=\"porto-sicon-header\">\n<h4 id=\"tw-target-text-container\" class=\"tw-ta-container tw-nfl\" tabindex=\"0\" role=\"text\"><strong data-start=\"195\" data-end=\"230\">Szko\u0142y treningu spadochronowego<\/strong><\/h4>\n<\/div>\n<\/div>\n<\/div>\n<p>[\/vc_column_text][\/vc_column_inner][\/vc_row_inner][vc_row_inner][vc_column_inner width=&#8221;1\/6&#8243;][vc_single_image image=&#8221;890&#8243; css=&#8221;&#8221;][\/vc_column_inner][vc_column_inner width=&#8221;2\/6&#8243;][vc_column_text css=&#8221;&#8221;]<\/p>\n<div class=\"porto-sicon-header\">\n<div class=\"porto-sicon-header\">\n<div class=\"porto-sicon-header\">\n<div class=\"porto-sicon-header\">\n<h4 class=\"porto-sicon-title\"><strong data-start=\"235\" data-end=\"257\" data-is-last-node=\"\">Zadaszenia basen\u00f3w<\/strong><\/h4>\n<\/div>\n<\/div>\n<\/div>\n<\/div>\n<p>[\/vc_column_text][\/vc_column_inner][\/vc_row_inner][\/vc_column][vc_column width=&#8221;1\/2&#8243;][vc_empty_space][vc_single_image image=&#8221;905&#8243; img_size=&#8221;full&#8221; alignment=&#8221;right&#8221; css=&#8221;&#8221;][\/vc_column][\/vc_row][\/vc_section]<\/p>\n<\/div>","protected":false},"excerpt":{"rendered":"<p>[vc_section full_height=&#8221;yes&#8221; css=&#8221;.vc_custom_1744183270467{background-image: url(http:\/\/progresstunnels.cz\/wp-content\/uploads\/2025\/04\/wh-stortun.jpeg?id=833) !important;background-position: center !important;background-repeat: no-repeat !important;background-size: cover !important;}&#8221;][\/vc_section][vc_row][vc_column width=&#8221;1\/2&#8243;][vc_empty_space][vc_single_image image=&#8221;908&#8243; img_size=&#8221;full&#8221; onclick=&#8221;zoom&#8221; css=&#8221;&#8221;][\/vc_column][vc_column width=&#8221;1\/2&#8243;][vc_empty_space][vc_custom_heading text=&#8221;Hale Magazynowe \u2013 Idealnie Dopasowane do Twoich Potrzeb&#8221; css=&#8221;&#8221;][vc_empty_space][vc_column_text css=&#8221;&#8221;] Wysokiej Jako\u015bci Hale Stalowe z Konstrukcj\u0105 Wi\u0119\u017abow\u0105 Nasze hale namiotowe wyr\u00f3\u017cniaj\u0105 si\u0119 wyj\u0105tkow\u0105 stabilno\u015bci\u0105 \u2013 dzi\u0119ki solidnej konstrukcji wi\u0119\u017abowej oraz zastosowaniu wysokiej jako\u015bci plandek. Taki spos\u00f3b budowy zapewnia [&hellip;]<\/p>\n","protected":false},"author":1,"featured_media":0,"parent":0,"menu_order":0,"comment_status":"closed","ping_status":"closed","template":"one-page-template.php","meta":{"footnotes":""},"class_list":["post-842","page","type-page","status-publish","hentry"],"_links":{"self":[{"href":"https:\/\/progresstunnels.cz\/index.php?rest_route=\/wp\/v2\/pages\/842","targetHints":{"allow":["GET"]}}],"collection":[{"href":"https:\/\/progresstunnels.cz\/index.php?rest_route=\/wp\/v2\/pages"}],"about":[{"href":"https:\/\/progresstunnels.cz\/index.php?rest_route=\/wp\/v2\/types\/page"}],"author":[{"embeddable":true,"href":"https:\/\/progresstunnels.cz\/index.php?rest_route=\/wp\/v2\/users\/1"}],"replies":[{"embeddable":true,"href":"https:\/\/progresstunnels.cz\/index.php?rest_route=%2Fwp%2Fv2%2Fcomments&post=842"}],"version-history":[{"count":57,"href":"https:\/\/progresstunnels.cz\/index.php?rest_route=\/wp\/v2\/pages\/842\/revisions"}],"predecessor-version":[{"id":1100,"href":"https:\/\/progresstunnels.cz\/index.php?rest_route=\/wp\/v2\/pages\/842\/revisions\/1100"}],"wp:attachment":[{"href":"https:\/\/progresstunnels.cz\/index.php?rest_route=%2Fwp%2Fv2%2Fmedia&parent=842"}],"curies":[{"name":"wp","href":"https:\/\/api.w.org\/{rel}","templated":true}]}}