{"id":741,"date":"2025-04-08T11:05:34","date_gmt":"2025-04-08T11:05:34","guid":{"rendered":"https:\/\/progresstunnels.cz\/?page_id=741"},"modified":"2025-04-16T09:52:24","modified_gmt":"2025-04-16T09:52:24","slug":"tunele-ogrodowe","status":"publish","type":"page","link":"https:\/\/progresstunnels.cz\/?page_id=741","title":{"rendered":"Tunele Ogrodowe"},"content":{"rendered":"<div class=\"wpb-content-wrapper\"><p>[vc_section full_height=&#8221;yes&#8221; css=&#8221;.vc_custom_1744189147773{background-image: url(http:\/\/progresstunnels.cz\/wp-content\/uploads\/2025\/04\/garden-tun-bg.jpg?id=877) !important;background-position: center !important;background-repeat: no-repeat !important;background-size: cover !important;}&#8221;][\/vc_section][vc_section css=&#8221;.vc_custom_1744117670056{background-position: center !important;background-repeat: no-repeat !important;background-size: cover !important;}&#8221;][vc_row][vc_column width=&#8221;1\/2&#8243;][vc_custom_heading text=&#8221;Zastosowanie&#8221; css=&#8221;&#8221;][vc_column_text css=&#8221;&#8221;]<\/p>\n<p class=\"\" data-start=\"18\" data-end=\"422\"><strong data-start=\"18\" data-end=\"36\">Tunel Ogrodowy<\/strong> to idealne rozwi\u0105zanie dla mi\u0142o\u015bnik\u00f3w ogrodnictwa i wszystkich, kt\u00f3rzy chc\u0105 wyd\u0142u\u017cy\u0107 sezon upraw w swoim w\u0142asnym ogrodzie. Dzi\u0119ki przemy\u015blanej konstrukcji tunel umo\u017cliwia ca\u0142oroczn\u0105 upraw\u0119 \u2013 od wczesnej wiosny a\u017c do p\u00f3\u017anej jesieni, a nawet zim\u0105. Wspomaga przyspieszony wzrost ro\u015blin, chroni uprawy przed niekorzystnymi warunkami pogodowymi i tworzy optymalne warunki do rozwoju ro\u015blin.<\/p>\n<p class=\"\" data-start=\"424\" data-end=\"453\"><strong data-start=\"424\" data-end=\"453\">Zalety Tunelu Ogrodowego:<\/strong><\/p>\n<p class=\"\" data-start=\"455\" data-end=\"602\">\ud83c\udf26\ufe0f <strong data-start=\"459\" data-end=\"482\">Solidna konstrukcja<\/strong> \u2013 odporna na zmienne warunki pogodowe, takie jak wiatr, deszcz czy \u015bnieg, zapewnia niezawodn\u0105 ochron\u0119 przez ca\u0142y sezon.<\/p>\n<p class=\"\" data-start=\"604\" data-end=\"734\">\ud83d\udee0\ufe0f <strong data-start=\"608\" data-end=\"624\">\u0141atwy monta\u017c<\/strong> \u2013 zaprojektowany z my\u015bl\u0105 o szybkim i prostym sk\u0142adaniu oraz demonta\u017cu, szczeg\u00f3lnie przyjazny dla u\u017cytkownika.<\/p>\n<p class=\"\" data-start=\"736\" data-end=\"852\">\ud83d\udd01 <strong data-start=\"739\" data-end=\"752\">Mobilno\u015b\u0107<\/strong> \u2013 tunel mo\u017cna \u0142atwo przestawi\u0107 w ogrodzie, dostosowuj\u0105c go do zmieniaj\u0105cych si\u0119 potrzeb uprawowych.<\/p>\n<p class=\"\" data-start=\"854\" data-end=\"988\">\ud83c\udf21\ufe0f <strong data-start=\"858\" data-end=\"879\">Skuteczna ochrona<\/strong> \u2013 szczelna konstrukcja chroni ro\u015bliny przed wp\u0142ywem czynnik\u00f3w zewn\u0119trznych i utrzymuje stabilny mikroklimat.<\/p>\n<p class=\"\" data-start=\"990\" data-end=\"1174\"><strong data-start=\"990\" data-end=\"1008\">Tunel Ogrodowy<\/strong> to idealny wyb\u00f3r dla ogrodnik\u00f3w-hobbyst\u00f3w, kt\u00f3rzy chc\u0105 zapewni\u0107 swoim ro\u015blinom najlepsze warunki do wzrostu i zwi\u0119kszy\u0107 efektywno\u015b\u0107 upraw \u2013 niezale\u017cnie od pory roku.<\/p>\n<p>[\/vc_column_text][\/vc_column][vc_column width=&#8221;1\/2&#8243;][vc_gallery interval=&#8221;3&#8243; images=&#8221;938,940&#8243; img_size=&#8221;full&#8221; onclick=&#8221;&#8221; css=&#8221;&#8221;][\/vc_column][\/vc_row][\/vc_section][vc_section css=&#8221;.vc_custom_1744028248827{background-color: #4A8B71 !important;}&#8221;][vc_row][vc_column width=&#8221;1\/2&#8243;][vc_single_image image=&#8221;939&#8243; img_size=&#8221;full&#8221; onclick=&#8221;link_image&#8221; css=&#8221;&#8221;][\/vc_column][vc_column width=&#8221;1\/2&#8243;][vc_custom_heading text=&#8221;Mo\u017cliwo\u015bci&#8221; font_container=&#8221;tag:h2|text_align:left|color:%23FFFFFF&#8221; css=&#8221;&#8221;][vc_column_text css=&#8221;&#8221;]<\/p>\n<p class=\"\" data-start=\"16\" data-end=\"423\"><span style=\"color: #ffffff;\"><strong data-start=\"16\" data-end=\"34\">Tunel Ogrodowy<\/strong> zapewnia niezawodn\u0105 ochron\u0119 ro\u015blin przed zmiennymi warunkami pogodowymi, umo\u017cliwiaj\u0105c ich zdrowy wzrost przez ca\u0142y rok. G\u0119sta konstrukcja skutecznie chroni przed deszczem, wiatrem i przymrozkami, jednocze\u015bnie przepuszczaj\u0105c odpowiedni\u0105 ilo\u015b\u0107 naturalnego \u015bwiat\u0142a. Dzi\u0119ki temu mo\u017cliwa jest efektywna uprawa warzyw, owoc\u00f3w, kwiat\u00f3w czy zi\u00f3\u0142 \u2013 nawet w trudniejszych warunkach atmosferycznych.<\/span><\/p>\n<p class=\"\" data-start=\"425\" data-end=\"723\"><span style=\"color: #ffffff;\">Konstrukcja tunelu jest \u0142atwa w monta\u017cu i demonta\u017cu, co pozwala na elastyczne wykorzystanie w zale\u017cno\u015bci od sezonu i potrzeb uprawowych. Tunel mo\u017cna r\u00f3wnie\u017c bez problemu przenie\u015b\u0107 w inne miejsce ogrodu \u2013 idealne rozwi\u0105zanie dla ogrodnik\u00f3w, kt\u00f3rzy chc\u0105 jak najlepiej wykorzysta\u0107 dost\u0119pn\u0105 przestrze\u0144.<\/span><\/p>\n<p class=\"\" data-start=\"725\" data-end=\"938\"><span style=\"color: #ffffff;\"><strong data-start=\"725\" data-end=\"743\">Tunel Ogrodowy<\/strong> to doskona\u0142e rozwi\u0105zanie dla hobbyst\u00f3w poszukuj\u0105cych prostego, a zarazem skutecznego narz\u0119dzia do wyd\u0142u\u017cenia sezonu upraw, zwi\u0119kszenia plon\u00f3w i ochrony ro\u015blin przed niekorzystnym wp\u0142ywem pogody.<\/span><\/p>\n<p>[\/vc_column_text][\/vc_column][\/vc_row][\/vc_section][vc_row][vc_column][vc_empty_space][\/vc_column][\/vc_row][vc_row][vc_column width=&#8221;1\/2&#8243;][vc_custom_heading text=&#8221;Tunel 3m&#8221; css=&#8221;&#8221;][vc_column_text css=&#8221;&#8221;]<\/p>\n<p class=\"\" data-start=\"24\" data-end=\"199\">Nasze tunele foliowe o szeroko\u015bci 3 metr\u00f3w zosta\u0142y zaprojektowane z my\u015bl\u0105 o trwa\u0142o\u015bci i elastyczno\u015bci, idealnie sprawdzaj\u0105c si\u0119 w ogrodach przydomowych oraz w ma\u0142ych uprawach.<\/p>\n<p class=\"\" data-start=\"201\" data-end=\"490\">Ka\u017cdy tunel wykonany jest z rur stalowych o \u015brednicy 35\u202fmm i grubo\u015bci \u015bcianki 2,0\u202fmm, co zapewnia wysok\u0105 stabilno\u015b\u0107 i wytrzyma\u0142o\u015b\u0107 konstrukcji. Modu\u0142owa budowa umo\u017cliwia wyd\u0142u\u017canie tunelu w segmentach co 2 metry, dopasowuj\u0105c go do dost\u0119pnej przestrzeni i indywidualnych potrzeb uprawowych.<\/p>\n<p class=\"\" data-start=\"492\" data-end=\"714\">Standardowo ka\u017cdy tunel wyposa\u017cony jest w drzwi oraz otw\u00f3r wentylacyjny. Dach i \u015bciany boczne pokryte s\u0105 foli\u0105 UV odporn\u0105 o grubo\u015bci 150 mikron\u00f3w, kt\u00f3ra zapewnia doskona\u0142\u0105 ochron\u0119 oraz odpowiedni\u0105 przepuszczalno\u015b\u0107 \u015bwiat\u0142a.<\/p>\n<p class=\"\" data-start=\"716\" data-end=\"736\"><strong data-start=\"716\" data-end=\"736\">Dane techniczne:<\/strong><\/p>\n<ul data-start=\"738\" data-end=\"897\" data-is-last-node=\"\" data-is-only-node=\"\">\n<li class=\"\" data-start=\"738\" data-end=\"760\">\n<p class=\"\" data-start=\"740\" data-end=\"760\"><strong data-start=\"740\" data-end=\"754\">Szeroko\u015b\u0107:<\/strong> 3\u202fm<\/p>\n<\/li>\n<li class=\"\" data-start=\"761\" data-end=\"792\">\n<p class=\"\" data-start=\"763\" data-end=\"792\"><strong data-start=\"763\" data-end=\"775\">D\u0142ugo\u015b\u0107:<\/strong> od 6\u202fm do 20\u202fm<\/p>\n<\/li>\n<li class=\"\" data-start=\"793\" data-end=\"825\">\n<p class=\"\" data-start=\"795\" data-end=\"825\"><strong data-start=\"795\" data-end=\"817\">Rozstaw segment\u00f3w:<\/strong> 2,0\u202fm<\/p>\n<\/li>\n<li class=\"\" data-start=\"826\" data-end=\"865\">\n<p class=\"\" data-start=\"828\" data-end=\"865\"><strong data-start=\"828\" data-end=\"856\">Wysoko\u015b\u0107 \u015bciany bocznej:<\/strong> 1,45\u202fm<\/p>\n<\/li>\n<li class=\"\" data-start=\"866\" data-end=\"897\">\n<p class=\"\" data-start=\"868\" data-end=\"897\"><strong data-start=\"868\" data-end=\"891\">Wysoko\u015b\u0107 ca\u0142kowita:<\/strong> 2,5\u202fm<\/p>\n<\/li>\n<\/ul>\n<p>[\/vc_column_text][\/vc_column][vc_column width=&#8221;1\/2&#8243;][vc_single_image image=&#8221;931&#8243; img_size=&#8221;full&#8221; css=&#8221;&#8221;][\/vc_column][\/vc_row][vc_row][vc_column width=&#8221;1\/2&#8243;][vc_single_image image=&#8221;933&#8243; img_size=&#8221;full&#8221; css=&#8221;&#8221;][\/vc_column][vc_column width=&#8221;1\/2&#8243;][vc_custom_heading text=&#8221;Tunel 4m&#8221; css=&#8221;&#8221;][vc_column_text css=&#8221;&#8221;]<\/p>\n<p class=\"\" data-start=\"0\" data-end=\"20\"><strong data-start=\"0\" data-end=\"20\">Dane techniczne:<\/strong><\/p>\n<ul data-start=\"22\" data-end=\"181\" data-is-last-node=\"\" data-is-only-node=\"\">\n<li class=\"\" data-start=\"22\" data-end=\"44\">\n<p class=\"\" data-start=\"24\" data-end=\"44\"><strong data-start=\"24\" data-end=\"38\">Szeroko\u015b\u0107:<\/strong> 4\u202fm<\/p>\n<\/li>\n<li class=\"\" data-start=\"45\" data-end=\"76\">\n<p class=\"\" data-start=\"47\" data-end=\"76\"><strong data-start=\"47\" data-end=\"59\">D\u0142ugo\u015b\u0107:<\/strong> od 6\u202fm do 40\u202fm<\/p>\n<\/li>\n<li class=\"\" data-start=\"77\" data-end=\"109\">\n<p class=\"\" data-start=\"79\" data-end=\"109\"><strong data-start=\"79\" data-end=\"101\">Rozstaw segment\u00f3w:<\/strong> 2,0\u202fm<\/p>\n<\/li>\n<li class=\"\" data-start=\"110\" data-end=\"149\">\n<p class=\"\" data-start=\"112\" data-end=\"149\"><strong data-start=\"112\" data-end=\"140\">Wysoko\u015b\u0107 \u015bciany bocznej:<\/strong> 1,45\u202fm<\/p>\n<\/li>\n<li class=\"\" data-start=\"150\" data-end=\"181\">\n<p class=\"\" data-start=\"152\" data-end=\"181\"><strong data-start=\"152\" data-end=\"175\">Wysoko\u015b\u0107 ca\u0142kowita:<\/strong> 2,5\u202fm<\/p>\n<\/li>\n<\/ul>\n<p>[\/vc_column_text][\/vc_column][\/vc_row][vc_row][vc_column width=&#8221;1\/2&#8243;][vc_custom_heading text=&#8221;Tunel 5m&#8221; css=&#8221;&#8221;][vc_column_text css=&#8221;&#8221;]<\/p>\n<div class=\"wpb_text_column wpb_content_element\">\n<div class=\"wpb_wrapper\">\n<h3 class=\"\" data-start=\"424\" data-end=\"457\"><strong data-start=\"428\" data-end=\"457\">Technical Specifications:<\/strong><\/h3>\n<ul data-start=\"459\" data-end=\"603\">\n<li class=\"\" data-start=\"459\" data-end=\"477\">\n<p class=\"\" data-start=\"461\" data-end=\"477\"><strong data-start=\"461\" data-end=\"471\">Width:<\/strong> 5\u202fm<\/p>\n<\/li>\n<li class=\"\" data-start=\"478\" data-end=\"511\">\n<p class=\"\" data-start=\"480\" data-end=\"511\"><strong data-start=\"480\" data-end=\"491\">Length:<\/strong> from 6\u202fm to 100\u202fm<\/p>\n<\/li>\n<li class=\"\" data-start=\"512\" data-end=\"542\">\n<p class=\"\" data-start=\"514\" data-end=\"542\"><strong data-start=\"514\" data-end=\"534\">Segment spacing:<\/strong> 2.0\u202fm<\/p>\n<\/li>\n<li class=\"\" data-start=\"543\" data-end=\"575\">\n<p class=\"\" data-start=\"545\" data-end=\"575\"><strong data-start=\"545\" data-end=\"566\">Side wall height:<\/strong> 1.45\u202fm<\/p>\n<\/li>\n<li class=\"\" data-start=\"576\" data-end=\"603\">\n<p class=\"\" data-start=\"578\" data-end=\"603\"><strong data-start=\"578\" data-end=\"595\">Total height:<\/strong> 2.5\u202fm<\/p>\n<\/li>\n<\/ul>\n<\/div>\n<\/div>\n<p>[\/vc_column_text][\/vc_column][vc_column width=&#8221;1\/2&#8243;][vc_single_image image=&#8221;935&#8243; img_size=&#8221;full&#8221; css=&#8221;&#8221;][\/vc_column][\/vc_row]<\/p>\n<\/div>","protected":false},"excerpt":{"rendered":"<p>[vc_section full_height=&#8221;yes&#8221; css=&#8221;.vc_custom_1744189147773{background-image: url(http:\/\/progresstunnels.cz\/wp-content\/uploads\/2025\/04\/garden-tun-bg.jpg?id=877) !important;background-position: center !important;background-repeat: no-repeat !important;background-size: cover !important;}&#8221;][\/vc_section][vc_section css=&#8221;.vc_custom_1744117670056{background-position: center !important;background-repeat: no-repeat !important;background-size: cover !important;}&#8221;][vc_row][vc_column width=&#8221;1\/2&#8243;][vc_custom_heading text=&#8221;Zastosowanie&#8221; css=&#8221;&#8221;][vc_column_text css=&#8221;&#8221;] Tunel Ogrodowy to idealne rozwi\u0105zanie dla mi\u0142o\u015bnik\u00f3w ogrodnictwa i wszystkich, kt\u00f3rzy chc\u0105 wyd\u0142u\u017cy\u0107 sezon upraw w swoim w\u0142asnym ogrodzie. Dzi\u0119ki przemy\u015blanej konstrukcji tunel umo\u017cliwia ca\u0142oroczn\u0105 upraw\u0119 \u2013 od wczesnej wiosny a\u017c do p\u00f3\u017anej [&hellip;]<\/p>\n","protected":false},"author":1,"featured_media":0,"parent":0,"menu_order":0,"comment_status":"closed","ping_status":"closed","template":"one-page-template.php","meta":{"footnotes":""},"class_list":["post-741","page","type-page","status-publish","hentry"],"_links":{"self":[{"href":"https:\/\/progresstunnels.cz\/index.php?rest_route=\/wp\/v2\/pages\/741","targetHints":{"allow":["GET"]}}],"collection":[{"href":"https:\/\/progresstunnels.cz\/index.php?rest_route=\/wp\/v2\/pages"}],"about":[{"href":"https:\/\/progresstunnels.cz\/index.php?rest_route=\/wp\/v2\/types\/page"}],"author":[{"embeddable":true,"href":"https:\/\/progresstunnels.cz\/index.php?rest_route=\/wp\/v2\/users\/1"}],"replies":[{"embeddable":true,"href":"https:\/\/progresstunnels.cz\/index.php?rest_route=%2Fwp%2Fv2%2Fcomments&post=741"}],"version-history":[{"count":29,"href":"https:\/\/progresstunnels.cz\/index.php?rest_route=\/wp\/v2\/pages\/741\/revisions"}],"predecessor-version":[{"id":1095,"href":"https:\/\/progresstunnels.cz\/index.php?rest_route=\/wp\/v2\/pages\/741\/revisions\/1095"}],"wp:attachment":[{"href":"https:\/\/progresstunnels.cz\/index.php?rest_route=%2Fwp%2Fv2%2Fmedia&parent=741"}],"curies":[{"name":"wp","href":"https:\/\/api.w.org\/{rel}","templated":true}]}}