{"id":45,"date":"2025-03-27T17:56:42","date_gmt":"2025-03-27T17:56:42","guid":{"rendered":"https:\/\/progresstunnels.cz\/?page_id=45"},"modified":"2025-04-16T06:20:35","modified_gmt":"2025-04-16T06:20:35","slug":"systemy-uprawowe","status":"publish","type":"page","link":"https:\/\/progresstunnels.cz\/?page_id=45","title":{"rendered":"Systemy uprawowe"},"content":{"rendered":"<div class=\"wpb-content-wrapper\"><p>[vc_section full_height=&#8221;yes&#8221; css=&#8221;.vc_custom_1744182069531{background-image: url(http:\/\/progresstunnels.cz\/wp-content\/uploads\/2025\/04\/wh-substrate-1.jpeg?id=831) !important;background-position: center !important;background-repeat: no-repeat !important;background-size: cover !important;}&#8221;][\/vc_section][vc_section css=&#8221;.vc_custom_1744028243537{background-position: center !important;background-repeat: no-repeat !important;background-size: cover !important;}&#8221;][vc_row][vc_column width=&#8221;1\/2&#8243;][vc_custom_heading text=&#8221;Zastosowanie&#8221; css=&#8221;&#8221;][vc_column_text css=&#8221;&#8221;]<\/p>\n<p class=\"\" data-start=\"18\" data-end=\"220\"><strong data-start=\"18\" data-end=\"45\">Systemy uprawy sto\u0142owej<\/strong> to nowoczesne rozwi\u0105zania, kt\u00f3re znacznie u\u0142atwiaj\u0105 prac\u0119 w rolnictwie i ogrodnictwie, jednocze\u015bnie zwi\u0119kszaj\u0105c efektywno\u015b\u0107 produkcji. Oto najwa\u017cniejsze zalety tych system\u00f3w:<\/p>\n<ul data-start=\"222\" data-end=\"1438\" data-is-only-node=\"\" data-is-last-node=\"\">\n<li class=\"\" data-start=\"222\" data-end=\"512\">\n<p class=\"\" data-start=\"224\" data-end=\"512\"><strong data-start=\"224\" data-end=\"253\">Optymalizacja przestrzeni<\/strong> \u2013 systemy sto\u0142owe umo\u017cliwiaj\u0105 bardziej efektywne wykorzystanie powierzchni, pozwalaj\u0105c na uzyskanie wy\u017cszych plon\u00f3w na mniejszej przestrzeni. Dzi\u0119ki podniesieniu ro\u015blin na wysoko\u015b\u0107 sto\u0142\u00f3w mo\u017cliwe jest tak\u017ce praktyczne zagospodarowanie przestrzeni pod nimi.<\/p>\n<\/li>\n<li class=\"\" data-start=\"514\" data-end=\"713\">\n<p class=\"\" data-start=\"516\" data-end=\"713\"><strong data-start=\"516\" data-end=\"533\">Komfort pracy<\/strong> \u2013 podniesienie ro\u015blin na wysoko\u015b\u0107 robocz\u0105 eliminuje konieczno\u015b\u0107 schylania si\u0119 podczas sadzenia, piel\u0119gnacji czy zbior\u00f3w, co poprawia ergonomi\u0119 pracy i zmniejsza ryzyko kontuzji.<\/p>\n<\/li>\n<li class=\"\" data-start=\"715\" data-end=\"914\">\n<p class=\"\" data-start=\"717\" data-end=\"914\"><strong data-start=\"717\" data-end=\"745\">Lepsza kontrola warunk\u00f3w<\/strong> \u2013 systemy te umo\u017cliwiaj\u0105 precyzyjne zarz\u0105dzanie takimi parametrami jak nawadnianie, drena\u017c czy dost\u0119p \u015bwiat\u0142a, co przek\u0142ada si\u0119 na lepsz\u0105 planowalno\u015b\u0107 i wy\u017csze plony.<\/p>\n<\/li>\n<li class=\"\" data-start=\"916\" data-end=\"1088\">\n<p class=\"\" data-start=\"918\" data-end=\"1088\"><strong data-start=\"918\" data-end=\"936\">Ochrona ro\u015blin<\/strong> \u2013 uprawy sto\u0142owe s\u0105 mniej nara\u017cone na szkodniki i choroby pochodz\u0105ce z gleby. Ograniczony kontakt z pod\u0142o\u017cem zwi\u0119ksza zdrowotno\u015b\u0107 i odporno\u015b\u0107 ro\u015blin.<\/p>\n<\/li>\n<li class=\"\" data-start=\"1090\" data-end=\"1259\">\n<p class=\"\" data-start=\"1092\" data-end=\"1259\"><strong data-start=\"1092\" data-end=\"1112\">Oszcz\u0119dno\u015b\u0107 wody<\/strong> \u2013 dzi\u0119ki zintegrowanym, wydajnym systemom nawadniania minimalizowane s\u0105 straty wody, co jest korzystne zar\u00f3wno ekologicznie, jak i ekonomicznie.<\/p>\n<\/li>\n<li class=\"\" data-start=\"1261\" data-end=\"1438\">\n<p class=\"\" data-start=\"1263\" data-end=\"1438\"><strong data-start=\"1263\" data-end=\"1295\">Wszechstronno\u015b\u0107 zastosowania<\/strong> \u2013 systemy te doskonale nadaj\u0105 si\u0119 do uprawy kwiat\u00f3w, zi\u00f3\u0142, warzyw czy ro\u015blin szk\u00f3\u0142karskich, stanowi\u0105c uniwersalne rozwi\u0105zanie dla wielu bran\u017c.<\/p>\n<\/li>\n<\/ul>\n<p>[\/vc_column_text][\/vc_column][vc_column width=&#8221;1\/2&#8243;][vc_gallery interval=&#8221;3&#8243; images=&#8221;1049&#8243; img_size=&#8221;large&#8221; onclick=&#8221;&#8221; css=&#8221;&#8221;][vc_column_text css=&#8221;&#8221;]<strong data-start=\"0\" data-end=\"66\" data-is-only-node=\"\">Systemy uprawy sto\u0142owej to inwestycja, kt\u00f3ra szybko si\u0119 zwraca<\/strong> \u2013 dzi\u0119ki wy\u017cszej jako\u015bci plon\u00f3w, lepszemu komfortowi pracy oraz zoptymalizowanemu zarz\u0105dzaniu uprawami.[\/vc_column_text][\/vc_column][\/vc_row][\/vc_section][vc_section css=&#8221;.vc_custom_1744028248827{background-color: #4A8B71 !important;}&#8221;][vc_row][vc_column width=&#8221;1\/2&#8243;][vc_single_image image=&#8221;1047&#8243; img_size=&#8221;full&#8221; onclick=&#8221;link_image&#8221; css=&#8221;&#8221;][\/vc_column][vc_column width=&#8221;1\/2&#8243;][vc_custom_heading text=&#8221;Mo\u017cliwo\u015bci&#8221; font_container=&#8221;tag:h2|text_align:left|color:%23FFFFFF&#8221; css=&#8221;&#8221;][vc_column_text css=&#8221;&#8221;]<\/p>\n<p class=\"\" data-start=\"16\" data-end=\"429\"><span style=\"color: #ffffff;\"><strong data-start=\"16\" data-end=\"95\">Systemy uprawy sto\u0142owej zapewniaj\u0105 doskona\u0142\u0105 kontrol\u0119 nad warunkami wzrostu<\/strong> i tworz\u0105 optymalne \u015brodowisko do rozwoju ro\u015blin. Dzi\u0119ki podniesionym powierzchniom uprawnym piel\u0119gnacja staje si\u0119 \u0142atwiejsza, a dost\u0119p do ro\u015blin znacznie wygodniejszy. Zastosowanie nowoczesnych pod\u0142o\u017cy pozwala na precyzyjne dozowanie wody i sk\u0142adnik\u00f3w od\u017cywczych, co przek\u0142ada si\u0119 na szybszy wzrost ro\u015blin i wy\u017csz\u0105 efektywno\u015b\u0107 upraw.<\/span><\/p>\n<p class=\"\" data-start=\"431\" data-end=\"832\"><span style=\"color: #ffffff;\">Dodatkowym atutem tych system\u00f3w jest ich <strong data-start=\"472\" data-end=\"506\">elastyczno\u015b\u0107 i modu\u0142owa budowa<\/strong> \u2013 mo\u017cna je \u0142atwo dostosowa\u0107 do r\u00f3\u017cnych wymaga\u0144 i w razie potrzeby rozbudowa\u0107. Niezale\u017cnie od tego, czy s\u0105 wykorzystywane w uprawach ekologicznych, hydroponicznych, czy w tradycyjnych systemach, sto\u0142y uprawowe umo\u017cliwiaj\u0105 ca\u0142oroczne uzyskiwanie zdrowych, wysokiej jako\u015bci plon\u00f3w oraz pe\u0142n\u0105 kontrol\u0119 nad ca\u0142ym procesem wzrostu.<\/span><\/p>\n<p class=\"\" data-start=\"461\" data-end=\"848\">\n<p>[\/vc_column_text][\/vc_column][\/vc_row][\/vc_section][vc_section css=&#8221;.vc_custom_1744209650865{background-color: #F1F1F1 !important;background-position: center !important;background-repeat: no-repeat !important;background-size: cover !important;}&#8221;][vc_row][vc_column][vc_custom_heading text=&#8221;Idealne rozwi\u0105zanie dla:&#8221; font_container=&#8221;tag:h2|text_align:center&#8221; css=&#8221;&#8221;][vc_empty_space][\/vc_column][\/vc_row][vc_row][vc_column width=&#8221;1\/3&#8243;][vc_single_image image=&#8221;944&#8243; img_size=&#8221;300&#215;200&#8243; css=&#8221;&#8221; title=&#8221;\ud83c\udf53 Owoc\u00f3w&#8221;][\/vc_column][vc_column width=&#8221;1\/3&#8243;][vc_single_image image=&#8221;945&#8243; img_size=&#8221;300&#215;200&#8243; css=&#8221;&#8221; title=&#8221;\ud83c\udf45Warzyw&#8221;][\/vc_column][vc_column width=&#8221;1\/3&#8243;][vc_single_image image=&#8221;959&#8243; img_size=&#8221;300&#215;200&#8243; css=&#8221;&#8221; title=&#8221;\ud83c\udf38 Kwiat\u00f3w&#8221;][\/vc_column][\/vc_row][\/vc_section][vc_row][vc_column][\/vc_column][\/vc_row]<\/p>\n<\/div>","protected":false},"excerpt":{"rendered":"<p>[vc_section full_height=&#8221;yes&#8221; css=&#8221;.vc_custom_1744182069531{background-image: url(http:\/\/progresstunnels.cz\/wp-content\/uploads\/2025\/04\/wh-substrate-1.jpeg?id=831) !important;background-position: center !important;background-repeat: no-repeat !important;background-size: cover !important;}&#8221;][\/vc_section][vc_section css=&#8221;.vc_custom_1744028243537{background-position: center !important;background-repeat: no-repeat !important;background-size: cover !important;}&#8221;][vc_row][vc_column width=&#8221;1\/2&#8243;][vc_custom_heading text=&#8221;Zastosowanie&#8221; css=&#8221;&#8221;][vc_column_text css=&#8221;&#8221;] Systemy uprawy sto\u0142owej to nowoczesne rozwi\u0105zania, kt\u00f3re znacznie u\u0142atwiaj\u0105 prac\u0119 w rolnictwie i ogrodnictwie, jednocze\u015bnie zwi\u0119kszaj\u0105c efektywno\u015b\u0107 produkcji. Oto najwa\u017cniejsze zalety tych system\u00f3w: Optymalizacja przestrzeni \u2013 systemy sto\u0142owe umo\u017cliwiaj\u0105 bardziej efektywne wykorzystanie powierzchni, [&hellip;]<\/p>\n","protected":false},"author":1,"featured_media":0,"parent":0,"menu_order":0,"comment_status":"closed","ping_status":"closed","template":"one-page-template.php","meta":{"footnotes":""},"class_list":["post-45","page","type-page","status-publish","hentry"],"_links":{"self":[{"href":"https:\/\/progresstunnels.cz\/index.php?rest_route=\/wp\/v2\/pages\/45","targetHints":{"allow":["GET"]}}],"collection":[{"href":"https:\/\/progresstunnels.cz\/index.php?rest_route=\/wp\/v2\/pages"}],"about":[{"href":"https:\/\/progresstunnels.cz\/index.php?rest_route=\/wp\/v2\/types\/page"}],"author":[{"embeddable":true,"href":"https:\/\/progresstunnels.cz\/index.php?rest_route=\/wp\/v2\/users\/1"}],"replies":[{"embeddable":true,"href":"https:\/\/progresstunnels.cz\/index.php?rest_route=%2Fwp%2Fv2%2Fcomments&post=45"}],"version-history":[{"count":55,"href":"https:\/\/progresstunnels.cz\/index.php?rest_route=\/wp\/v2\/pages\/45\/revisions"}],"predecessor-version":[{"id":1092,"href":"https:\/\/progresstunnels.cz\/index.php?rest_route=\/wp\/v2\/pages\/45\/revisions\/1092"}],"wp:attachment":[{"href":"https:\/\/progresstunnels.cz\/index.php?rest_route=%2Fwp%2Fv2%2Fmedia&parent=45"}],"curies":[{"name":"wp","href":"https:\/\/api.w.org\/{rel}","templated":true}]}}