{"id":43,"date":"2025-03-27T17:56:09","date_gmt":"2025-03-27T17:56:09","guid":{"rendered":"https:\/\/progresstunnels.cz\/?page_id=43"},"modified":"2025-04-16T09:46:44","modified_gmt":"2025-04-16T09:46:44","slug":"doppelfolien-tunnel","status":"publish","type":"page","link":"https:\/\/progresstunnels.cz\/?page_id=43","title":{"rendered":"Doppelfolien Tunnel"},"content":{"rendered":"<div class=\"wpb-content-wrapper\"><p>[vc_section full_height=&#8221;yes&#8221; css=&#8221;.vc_custom_1744140239499{background-image: url(http:\/\/progresstunnels.cz\/wp-content\/uploads\/2025\/04\/overlayed-solo-tunel.png?id=645) !important;background-position: center !important;background-repeat: no-repeat !important;background-size: cover !important;}&#8221;][\/vc_section][vc_section full_height=&#8221;yes&#8221; disable_element=&#8221;yes&#8221; css=&#8221;.vc_custom_1744232963716{background-position: center !important;background-repeat: no-repeat !important;background-size: cover !important;}&#8221;][vc_row][vc_column][vc_custom_heading text=&#8221;W ofercie ju\u017c niebawem&#8221; css=&#8221;&#8221;][vc_column_text css=&#8221;&#8221;]Doppelfolien Tunnel dost\u0119pny ju\u017c od jesieni. Nie czekaj zostaw nam swoje dane skontaktujemy si\u0119 z tob\u0105 gdy produkt pojawi si\u0119 w naszej ofercie.[\/vc_column_text]\n<div class=\"wpcf7 no-js\" id=\"wpcf7-f783-o1\" lang=\"en-US\" dir=\"ltr\" data-wpcf7-id=\"783\">\n<div class=\"screen-reader-response\"><p role=\"status\" aria-live=\"polite\" aria-atomic=\"true\"><\/p> <ul><\/ul><\/div>\n<form action=\"\/index.php?rest_route=%2Fwp%2Fv2%2Fpages%2F43#wpcf7-f783-o1\" method=\"post\" class=\"wpcf7-form init\" aria-label=\"Contact form\" novalidate=\"novalidate\" data-status=\"init\">\n<div style=\"display: none;\">\n<input type=\"hidden\" name=\"_wpcf7\" value=\"783\" \/>\n<input type=\"hidden\" name=\"_wpcf7_version\" value=\"6.0.6\" \/>\n<input type=\"hidden\" name=\"_wpcf7_locale\" value=\"en_US\" \/>\n<input type=\"hidden\" name=\"_wpcf7_unit_tag\" value=\"wpcf7-f783-o1\" \/>\n<input type=\"hidden\" name=\"_wpcf7_container_post\" value=\"0\" \/>\n<input type=\"hidden\" name=\"_wpcf7_posted_data_hash\" value=\"\" \/>\n<\/div>\n<p><label> Your name<br \/>\n<span class=\"wpcf7-form-control-wrap\" data-name=\"your-name\"><input size=\"40\" maxlength=\"400\" class=\"wpcf7-form-control wpcf7-text wpcf7-validates-as-required\" autocomplete=\"name\" aria-required=\"true\" aria-invalid=\"false\" value=\"\" type=\"text\" name=\"your-name\" \/><\/span> <\/label>\n<\/p>\n<p><label> Your email<br \/>\n<span class=\"wpcf7-form-control-wrap\" data-name=\"your-email\"><input size=\"40\" maxlength=\"400\" class=\"wpcf7-form-control wpcf7-email wpcf7-validates-as-required wpcf7-text wpcf7-validates-as-email\" autocomplete=\"email\" aria-required=\"true\" aria-invalid=\"false\" value=\"\" type=\"email\" name=\"your-email\" \/><\/span> <\/label>\n<\/p>\n<p><input class=\"wpcf7-form-control wpcf7-submit has-spinner\" type=\"submit\" value=\"Submit\" \/>\n<\/p><div class=\"wpcf7-response-output\" aria-hidden=\"true\"><\/div>\n<\/form>\n<\/div>\n[vc_raw_html css=&#8221;&#8221;]JTNDZGl2JTIwY2xhc3MlM0QlMjJwcm9kdWN0LWFubm91bmNlbWVudCUyMiUzRSUwQSUyMCUyMCUyMCUyMCUzQ2gyJTNFVyUyMG9mZXJjaWUlMjBqdSVDNSVCQyUyMG5pZWJhd2VtJTNDJTJGaDIlM0UlMEElMjAlMjAlMjAlMjAlM0NwJTNFJTNDc3Ryb25nJTNFRG9wcGVsZm9saWVuJTIwVHVubmVsJTNDJTJGc3Ryb25nJTNFJTIwZG9zdCVDNCU5OXBueSUyMGp1JUM1JUJDJTIwb2QlMjBqZXNpZW5pLiUzQyUyRnAlM0UlMEElMjAlMjAlMjAlMjAlM0NwJTNFTmllJTIwY3pla2FqJTIxJTIwWm9zdGF3JTIwbmFtJTIwc3dvamUlMjBkYW5lJTJDJTIwYSUyMHNrb250YWt0dWplbXklMjBzaSVDNCU5OSUyMHolMjBUb2IlQzQlODUlMkMlMjBnZHklMjBwcm9kdWt0JTIwcG9qYXdpJTIwc2klQzQlOTklMjB3JTIwbmFzemVqJTIwb2ZlcmNpZS4lM0MlMkZwJTNFJTBBJTIwJTIwJTIwJTIwJTNDZm9ybSUyMGFjdGlvbiUzRCUyMiUyMyUyMiUyMG1ldGhvZCUzRCUyMnBvc3QlMjIlM0UlMEElMjAlMjAlMjAlMjAlMjAlMjAlMjAlMjAlM0NpbnB1dCUyMHR5cGUlM0QlMjJ0ZXh0JTIyJTIwbmFtZSUzRCUyMm5hbWUlMjIlMjBwbGFjZWhvbGRlciUzRCUyMlR3b2plJTIwaW1pJUM0JTk5JTIyJTIwcmVxdWlyZWQlM0UlMEElMjAlMjAlMjAlMjAlMjAlMjAlMjAlMjAlM0NpbnB1dCUyMHR5cGUlM0QlMjJlbWFpbCUyMiUyMG5hbWUlM0QlMjJlbWFpbCUyMiUyMHBsYWNlaG9sZGVyJTNEJTIyVHclQzMlQjNqJTIwZS1tYWlsJTIyJTIwcmVxdWlyZWQlM0UlMEElMjAlMjAlMjAlMjAlMjAlMjAlMjAlMjAlM0NidXR0b24lMjB0eXBlJTNEJTIyc3VibWl0JTIyJTNFUG93aWFkb20lMjBtbmllJTNDJTJGYnV0dG9uJTNFJTBBJTIwJTIwJTIwJTIwJTNDJTJGZm9ybSUzRSUwQSUzQyUyRmRpdiUzRSUwQSUwQSUzQ3N0eWxlJTNFJTBBJTIwJTIwJTIwJTIwLnByb2R1Y3QtYW5ub3VuY2VtZW50JTIwJTdCJTBBJTIwJTIwJTIwJTIwJTIwJTIwJTIwJTIwYmFja2dyb3VuZC1jb2xvciUzQSUyMCUyM2Y4ZjlmYSUzQiUwQSUyMCUyMCUyMCUyMCUyMCUyMCUyMCUyMHBhZGRpbmclM0ElMjAyMHB4JTNCJTBBJTIwJTIwJTIwJTIwJTIwJTIwJTIwJTIwYm9yZGVyLXJhZGl1cyUzQSUyMDhweCUzQiUwQSUyMCUyMCUyMCUyMCUyMCUyMCUyMCUyMHRleHQtYWxpZ24lM0ElMjBjZW50ZXIlM0IlMEElMjAlMjAlMjAlMjAlMjAlMjAlMjAlMjBib3gtc2hhZG93JTNBJTIwMCUyMDRweCUyMDhweCUyMHJnYmElMjgwJTJDJTIwMCUyQyUyMDAlMkMlMjAwLjElMjklM0IlMEElMjAlMjAlMjAlMjAlMjAlMjAlMjAlMjBtYXgtd2lkdGglM0ElMjA0MDBweCUzQiUwQSUyMCUyMCUyMCUyMCUyMCUyMCUyMCUyMG1hcmdpbiUzQSUyMGF1dG8lM0IlMEElMjAlMjAlMjAlMjAlN0QlMEElMEElMjAlMjAlMjAlMjAucHJvZHVjdC1hbm5vdW5jZW1lbnQlMjBoMiUyMCU3QiUwQSUyMCUyMCUyMCUyMCUyMCUyMCUyMCUyMGNvbG9yJTNBJTIwJTIzMDA3YmZmJTNCJTBBJTIwJTIwJTIwJTIwJTdEJTBBJTBBJTIwJTIwJTIwJTIwLnByb2R1Y3QtYW5ub3VuY2VtZW50JTIwcCUyMCU3QiUwQSUyMCUyMCUyMCUyMCUyMCUyMCUyMCUyMGZvbnQtc2l6ZSUzQSUyMDE2cHglM0IlMEElMjAlMjAlMjAlMjAlMjAlMjAlMjAlMjBjb2xvciUzQSUyMCUyMzMzMyUzQiUwQSUyMCUyMCUyMCUyMCU3RCUwQSUwQSUyMCUyMCUyMCUyMC5wcm9kdWN0LWFubm91bmNlbWVudCUyMGlucHV0JTIwJTdCJTBBJTIwJTIwJTIwJTIwJTIwJTIwJTIwJTIwd2lkdGglM0ElMjAxMDAlMjUlM0IlMEElMjAlMjAlMjAlMjAlMjAlMjAlMjAlMjBwYWRkaW5nJTNBJTIwMTBweCUzQiUwQSUyMCUyMCUyMCUyMCUyMCUyMCUyMCUyMG1hcmdpbiUzQSUyMDVweCUyMDAlM0IlMEElMjAlMjAlMjAlMjAlMjAlMjAlMjAlMjBib3JkZXIlM0ElMjAxcHglMjBzb2xpZCUyMCUyM2NjYyUzQiUwQSUyMCUyMCUyMCUyMCUyMCUyMCUyMCUyMGJvcmRlci1yYWRpdXMlM0ElMjA1cHglM0IlMEElMjAlMjAlMjAlMjAlN0QlMEElMEElMjAlMjAlMjAlMjAucHJvZHVjdC1hbm5vdW5jZW1lbnQlMjBidXR0b24lMjAlN0IlMEElMjAlMjAlMjAlMjAlMjAlMjAlMjAlMjBiYWNrZ3JvdW5kLWNvbG9yJTNBJTIwJTIzMDA3YmZmJTNCJTBBJTIwJTIwJTIwJTIwJTIwJTIwJTIwJTIwY29sb3IlM0ElMjB3aGl0ZSUzQiUwQSUyMCUyMCUyMCUyMCUyMCUyMCUyMCUyMHBhZGRpbmclM0ElMjAxMHB4JTIwMTVweCUzQiUwQSUyMCUyMCUyMCUyMCUyMCUyMCUyMCUyMGJvcmRlciUzQSUyMG5vbmUlM0IlMEElMjAlMjAlMjAlMjAlMjAlMjAlMjAlMjBib3JkZXItcmFkaXVzJTNBJTIwNXB4JTNCJTBBJTIwJTIwJTIwJTIwJTIwJTIwJTIwJTIwY3Vyc29yJTNBJTIwcG9pbnRlciUzQiUwQSUyMCUyMCUyMCUyMCU3RCUwQSUwQSUyMCUyMCUyMCUyMC5wcm9kdWN0LWFubm91bmNlbWVudCUyMGJ1dHRvbiUzQWhvdmVyJTIwJTdCJTBBJTIwJTIwJTIwJTIwJTIwJTIwJTIwJTIwYmFja2dyb3VuZC1jb2xvciUzQSUyMCUyMzAwNTZiMyUzQiUwQSUyMCUyMCUyMCUyMCU3RCUwQSUzQyUyRnN0eWxlJTNFJTBB[\/vc_raw_html][\/vc_column][\/vc_row][\/vc_section][vc_row][vc_column][vc_column_text css=&#8221;&#8221;]<\/p>\n<p class=\"\" data-start=\"0\" data-end=\"15\"><strong data-start=\"0\" data-end=\"15\">Ju\u017c wkr\u00f3tce<\/strong><\/p>\n<p class=\"\" data-start=\"17\" data-end=\"75\">Tunel foliowy z podw\u00f3jn\u0105 warstw\u0105 dost\u0119pny ju\u017c tej jesieni!<\/p>\n<p class=\"\" data-start=\"77\" data-end=\"197\">\ud83d\udce2 <strong data-start=\"80\" data-end=\"95\">Nie czekaj!<\/strong><br data-start=\"95\" data-end=\"98\" \/>Zostaw nam swoje dane kontaktowe, a powiadomimy Ci\u0119, gdy tylko produkt pojawi si\u0119 w naszej ofercie.<\/p>\n<p class=\"\" data-start=\"199\" data-end=\"341\">B\u0105d\u017a pierwszy, kt\u00f3ry skorzysta z lepszej izolacji, oszcz\u0119dno\u015bci energii i mo\u017cliwo\u015bci ca\u0142orocznej uprawy dzi\u0119ki naszej najnowszej innowacji! \ud83c\udf31<\/p>\n<p>[\/vc_column_text][\/vc_column][\/vc_row][vc_row][vc_column]\n<div class=\"wpcf7 no-js\" id=\"wpcf7-f783-o2\" lang=\"en-US\" dir=\"ltr\" data-wpcf7-id=\"783\">\n<div class=\"screen-reader-response\"><p role=\"status\" aria-live=\"polite\" aria-atomic=\"true\"><\/p> <ul><\/ul><\/div>\n<form action=\"\/index.php?rest_route=%2Fwp%2Fv2%2Fpages%2F43#wpcf7-f783-o2\" method=\"post\" class=\"wpcf7-form init\" aria-label=\"Contact form\" novalidate=\"novalidate\" data-status=\"init\">\n<div style=\"display: none;\">\n<input type=\"hidden\" name=\"_wpcf7\" value=\"783\" \/>\n<input type=\"hidden\" name=\"_wpcf7_version\" value=\"6.0.6\" \/>\n<input type=\"hidden\" name=\"_wpcf7_locale\" value=\"en_US\" \/>\n<input type=\"hidden\" name=\"_wpcf7_unit_tag\" value=\"wpcf7-f783-o2\" \/>\n<input type=\"hidden\" name=\"_wpcf7_container_post\" value=\"0\" \/>\n<input type=\"hidden\" name=\"_wpcf7_posted_data_hash\" value=\"\" \/>\n<\/div>\n<p><label> Your name<br \/>\n<span class=\"wpcf7-form-control-wrap\" data-name=\"your-name\"><input size=\"40\" maxlength=\"400\" class=\"wpcf7-form-control wpcf7-text wpcf7-validates-as-required\" autocomplete=\"name\" aria-required=\"true\" aria-invalid=\"false\" value=\"\" type=\"text\" name=\"your-name\" \/><\/span> <\/label>\n<\/p>\n<p><label> Your email<br \/>\n<span class=\"wpcf7-form-control-wrap\" data-name=\"your-email\"><input size=\"40\" maxlength=\"400\" class=\"wpcf7-form-control wpcf7-email wpcf7-validates-as-required wpcf7-text wpcf7-validates-as-email\" autocomplete=\"email\" aria-required=\"true\" aria-invalid=\"false\" value=\"\" type=\"email\" name=\"your-email\" \/><\/span> <\/label>\n<\/p>\n<p><input class=\"wpcf7-form-control wpcf7-submit has-spinner\" type=\"submit\" value=\"Submit\" \/>\n<\/p><div class=\"wpcf7-response-output\" aria-hidden=\"true\"><\/div>\n<\/form>\n<\/div>\n[\/vc_column][\/vc_row]<\/p>\n<\/div>","protected":false},"excerpt":{"rendered":"<p>[vc_section full_height=&#8221;yes&#8221; css=&#8221;.vc_custom_1744140239499{background-image: url(http:\/\/progresstunnels.cz\/wp-content\/uploads\/2025\/04\/overlayed-solo-tunel.png?id=645) !important;background-position: center !important;background-repeat: no-repeat !important;background-size: cover !important;}&#8221;][\/vc_section][vc_section full_height=&#8221;yes&#8221; disable_element=&#8221;yes&#8221; css=&#8221;.vc_custom_1744232963716{background-position: center !important;background-repeat: no-repeat !important;background-size: cover !important;}&#8221;][vc_row][vc_column][vc_custom_heading text=&#8221;W ofercie ju\u017c niebawem&#8221; css=&#8221;&#8221;][vc_column_text css=&#8221;&#8221;]Doppelfolien Tunnel dost\u0119pny ju\u017c od jesieni. Nie czekaj zostaw nam swoje dane skontaktujemy si\u0119 z tob\u0105 gdy produkt pojawi si\u0119 w naszej ofercie.[\/vc_column_text][vc_raw_html css=&#8221;&#8221;]JTNDZGl2JTIwY2xhc3MlM0QlMjJwcm9kdWN0LWFubm91bmNlbWVudCUyMiUzRSUwQSUyMCUyMCUyMCUyMCUzQ2gyJTNFVyUyMG9mZXJjaWUlMjBqdSVDNSVCQyUyMG5pZWJhd2VtJTNDJTJGaDIlM0UlMEElMjAlMjAlMjAlMjAlM0NwJTNFJTNDc3Ryb25nJTNFRG9wcGVsZm9saWVuJTIwVHVubmVsJTNDJTJGc3Ryb25nJTNFJTIwZG9zdCVDNCU5OXBueSUyMGp1JUM1JUJDJTIwb2QlMjBqZXNpZW5pLiUzQyUyRnAlM0UlMEElMjAlMjAlMjAlMjAlM0NwJTNFTmllJTIwY3pla2FqJTIxJTIwWm9zdGF3JTIwbmFtJTIwc3dvamUlMjBkYW5lJTJDJTIwYSUyMHNrb250YWt0dWplbXklMjBzaSVDNCU5OSUyMHolMjBUb2IlQzQlODUlMkMlMjBnZHklMjBwcm9kdWt0JTIwcG9qYXdpJTIwc2klQzQlOTklMjB3JTIwbmFzemVqJTIwb2ZlcmNpZS4lM0MlMkZwJTNFJTBBJTIwJTIwJTIwJTIwJTNDZm9ybSUyMGFjdGlvbiUzRCUyMiUyMyUyMiUyMG1ldGhvZCUzRCUyMnBvc3QlMjIlM0UlMEElMjAlMjAlMjAlMjAlMjAlMjAlMjAlMjAlM0NpbnB1dCUyMHR5cGUlM0QlMjJ0ZXh0JTIyJTIwbmFtZSUzRCUyMm5hbWUlMjIlMjBwbGFjZWhvbGRlciUzRCUyMlR3b2plJTIwaW1pJUM0JTk5JTIyJTIwcmVxdWlyZWQlM0UlMEElMjAlMjAlMjAlMjAlMjAlMjAlMjAlMjAlM0NpbnB1dCUyMHR5cGUlM0QlMjJlbWFpbCUyMiUyMG5hbWUlM0QlMjJlbWFpbCUyMiUyMHBsYWNlaG9sZGVyJTNEJTIyVHclQzMlQjNqJTIwZS1tYWlsJTIyJTIwcmVxdWlyZWQlM0UlMEElMjAlMjAlMjAlMjAlMjAlMjAlMjAlMjAlM0NidXR0b24lMjB0eXBlJTNEJTIyc3VibWl0JTIyJTNFUG93aWFkb20lMjBtbmllJTNDJTJGYnV0dG9uJTNFJTBBJTIwJTIwJTIwJTIwJTNDJTJGZm9ybSUzRSUwQSUzQyUyRmRpdiUzRSUwQSUwQSUzQ3N0eWxlJTNFJTBBJTIwJTIwJTIwJTIwLnByb2R1Y3QtYW5ub3VuY2VtZW50JTIwJTdCJTBBJTIwJTIwJTIwJTIwJTIwJTIwJTIwJTIwYmFja2dyb3VuZC1jb2xvciUzQSUyMCUyM2Y4ZjlmYSUzQiUwQSUyMCUyMCUyMCUyMCUyMCUyMCUyMCUyMHBhZGRpbmclM0ElMjAyMHB4JTNCJTBBJTIwJTIwJTIwJTIwJTIwJTIwJTIwJTIwYm9yZGVyLXJhZGl1cyUzQSUyMDhweCUzQiUwQSUyMCUyMCUyMCUyMCUyMCUyMCUyMCUyMHRleHQtYWxpZ24lM0ElMjBjZW50ZXIlM0IlMEElMjAlMjAlMjAlMjAlMjAlMjAlMjAlMjBib3gtc2hhZG93JTNBJTIwMCUyMDRweCUyMDhweCUyMHJnYmElMjgwJTJDJTIwMCUyQyUyMDAlMkMlMjAwLjElMjklM0IlMEElMjAlMjAlMjAlMjAlMjAlMjAlMjAlMjBtYXgtd2lkdGglM0ElMjA0MDBweCUzQiUwQSUyMCUyMCUyMCUyMCUyMCUyMCUyMCUyMG1hcmdpbiUzQSUyMGF1dG8lM0IlMEElMjAlMjAlMjAlMjAlN0QlMEElMEElMjAlMjAlMjAlMjAucHJvZHVjdC1hbm5vdW5jZW1lbnQlMjBoMiUyMCU3QiUwQSUyMCUyMCUyMCUyMCUyMCUyMCUyMCUyMGNvbG9yJTNBJTIwJTIzMDA3YmZmJTNCJTBBJTIwJTIwJTIwJTIwJTdEJTBBJTBBJTIwJTIwJTIwJTIwLnByb2R1Y3QtYW5ub3VuY2VtZW50JTIwcCUyMCU3QiUwQSUyMCUyMCUyMCUyMCUyMCUyMCUyMCUyMGZvbnQtc2l6ZSUzQSUyMDE2cHglM0IlMEElMjAlMjAlMjAlMjAlMjAlMjAlMjAlMjBjb2xvciUzQSUyMCUyMzMzMyUzQiUwQSUyMCUyMCUyMCUyMCU3RCUwQSUwQSUyMCUyMCUyMCUyMC5wcm9kdWN0LWFubm91bmNlbWVudCUyMGlucHV0JTIwJTdCJTBBJTIwJTIwJTIwJTIwJTIwJTIwJTIwJTIwd2lkdGglM0ElMjAxMDAlMjUlM0IlMEElMjAlMjAlMjAlMjAlMjAlMjAlMjAlMjBwYWRkaW5nJTNBJTIwMTBweCUzQiUwQSUyMCUyMCUyMCUyMCUyMCUyMCUyMCUyMG1hcmdpbiUzQSUyMDVweCUyMDAlM0IlMEElMjAlMjAlMjAlMjAlMjAlMjAlMjAlMjBib3JkZXIlM0ElMjAxcHglMjBzb2xpZCUyMCUyM2NjYyUzQiUwQSUyMCUyMCUyMCUyMCUyMCUyMCUyMCUyMGJvcmRlci1yYWRpdXMlM0ElMjA1cHglM0IlMEElMjAlMjAlMjAlMjAlN0QlMEElMEElMjAlMjAlMjAlMjAucHJvZHVjdC1hbm5vdW5jZW1lbnQlMjBidXR0b24lMjAlN0IlMEElMjAlMjAlMjAlMjAlMjAlMjAlMjAlMjBiYWNrZ3JvdW5kLWNvbG9yJTNBJTIwJTIzMDA3YmZmJTNCJTBBJTIwJTIwJTIwJTIwJTIwJTIwJTIwJTIwY29sb3IlM0ElMjB3aGl0ZSUzQiUwQSUyMCUyMCUyMCUyMCUyMCUyMCUyMCUyMHBhZGRpbmclM0ElMjAxMHB4JTIwMTVweCUzQiUwQSUyMCUyMCUyMCUyMCUyMCUyMCUyMCUyMGJvcmRlciUzQSUyMG5vbmUlM0IlMEElMjAlMjAlMjAlMjAlMjAlMjAlMjAlMjBib3JkZXItcmFkaXVzJTNBJTIwNXB4JTNCJTBBJTIwJTIwJTIwJTIwJTIwJTIwJTIwJTIwY3Vyc29yJTNBJTIwcG9pbnRlciUzQiUwQSUyMCUyMCUyMCUyMCU3RCUwQSUwQSUyMCUyMCUyMCUyMC5wcm9kdWN0LWFubm91bmNlbWVudCUyMGJ1dHRvbiUzQWhvdmVyJTIwJTdCJTBBJTIwJTIwJTIwJTIwJTIwJTIwJTIwJTIwYmFja2dyb3VuZC1jb2xvciUzQSUyMCUyMzAwNTZiMyUzQiUwQSUyMCUyMCUyMCUyMCU3RCUwQSUzQyUyRnN0eWxlJTNFJTBB[\/vc_raw_html][\/vc_column][\/vc_row][\/vc_section][vc_row][vc_column][vc_column_text css=&#8221;&#8221;] Ju\u017c wkr\u00f3tce Tunel foliowy z [&hellip;]<\/p>\n","protected":false},"author":1,"featured_media":0,"parent":0,"menu_order":0,"comment_status":"closed","ping_status":"closed","template":"one-page-template.php","meta":{"footnotes":""},"class_list":["post-43","page","type-page","status-publish","hentry"],"_links":{"self":[{"href":"https:\/\/progresstunnels.cz\/index.php?rest_route=\/wp\/v2\/pages\/43","targetHints":{"allow":["GET"]}}],"collection":[{"href":"https:\/\/progresstunnels.cz\/index.php?rest_route=\/wp\/v2\/pages"}],"about":[{"href":"https:\/\/progresstunnels.cz\/index.php?rest_route=\/wp\/v2\/types\/page"}],"author":[{"embeddable":true,"href":"https:\/\/progresstunnels.cz\/index.php?rest_route=\/wp\/v2\/users\/1"}],"replies":[{"embeddable":true,"href":"https:\/\/progresstunnels.cz\/index.php?rest_route=%2Fwp%2Fv2%2Fcomments&post=43"}],"version-history":[{"count":23,"href":"https:\/\/progresstunnels.cz\/index.php?rest_route=\/wp\/v2\/pages\/43\/revisions"}],"predecessor-version":[{"id":1093,"href":"https:\/\/progresstunnels.cz\/index.php?rest_route=\/wp\/v2\/pages\/43\/revisions\/1093"}],"wp:attachment":[{"href":"https:\/\/progresstunnels.cz\/index.php?rest_route=%2Fwp%2Fv2%2Fmedia&parent=43"}],"curies":[{"name":"wp","href":"https:\/\/api.w.org\/{rel}","templated":true}]}}