{"id":41,"date":"2025-03-27T17:55:51","date_gmt":"2025-03-27T17:55:51","guid":{"rendered":"https:\/\/progresstunnels.cz\/?page_id=41"},"modified":"2025-04-16T06:14:32","modified_gmt":"2025-04-16T06:14:32","slug":"multi-bay-tunnel","status":"publish","type":"page","link":"https:\/\/progresstunnels.cz\/?page_id=41","title":{"rendered":"MULTI BAY TUNNEL"},"content":{"rendered":"<div class=\"wpb-content-wrapper\"><p>[vc_section full_height=&#8221;yes&#8221; css=&#8221;.vc_custom_1744209034556{background-image: url(http:\/\/progresstunnels.cz\/wp-content\/uploads\/2025\/04\/multibay-real.jpg?id=957) !important;background-position: center !important;background-repeat: no-repeat !important;background-size: cover !important;}&#8221;][\/vc_section][vc_section css=&#8221;.vc_custom_1744028243537{background-position: center !important;background-repeat: no-repeat !important;background-size: cover !important;}&#8221;][vc_row][vc_column width=&#8221;1\/2&#8243;][vc_custom_heading text=&#8221;Zastosowanie&#8221; css=&#8221;&#8221;][vc_column_text css=&#8221;&#8221;]<\/p>\n<p class=\"\" data-start=\"18\" data-end=\"85\"><strong data-start=\"18\" data-end=\"85\">Tunel Multi-Bay \u2013 idealne rozwi\u0105zanie dla profesjonalnej uprawy<\/strong><\/p>\n<p class=\"\" data-start=\"87\" data-end=\"589\">Tunele foliowe typu Multi-Bay zosta\u0142y zaprojektowane z my\u015bl\u0105 o profesjonalnych uprawach na du\u017c\u0105 skal\u0119, gdzie kluczowe znaczenie maj\u0105 elastyczno\u015b\u0107 oraz zapewnienie optymalnych warunk\u00f3w dla ro\u015blin. Konstrukcja tunelu umo\u017cliwia wyd\u0142u\u017cenie okresu wegetacyjnego i prowadzenie upraw przez wi\u0119ksz\u0105 cz\u0119\u015b\u0107 roku \u2013 od p\u00f3\u017anej jesieni, przez zim\u0119, a\u017c po wczesn\u0105 wiosn\u0119. Dzi\u0119ki swojej budowie wspomagaj\u0105 one przyspieszony wzrost ro\u015blin i zapewniaj\u0105 stabilne warunki rozwoju nawet przy zmiennych warunkach pogodowych.<\/p>\n<p class=\"\" data-start=\"591\" data-end=\"619\"><strong data-start=\"591\" data-end=\"619\">Zalety tunelu Multi-Bay:<\/strong><\/p>\n<ul data-start=\"621\" data-end=\"1256\" data-is-last-node=\"\" data-is-only-node=\"\">\n<li class=\"\" data-start=\"621\" data-end=\"747\">\n<p class=\"\" data-start=\"623\" data-end=\"747\"><strong data-start=\"623\" data-end=\"646\">Solidna konstrukcja<\/strong> \u2013 odporna na silne wiatry i zmienne warunki atmosferyczne, gwarantuje stabilno\u015b\u0107 przez ca\u0142y sezon.<\/p>\n<\/li>\n<li class=\"\" data-start=\"748\" data-end=\"879\">\n<p class=\"\" data-start=\"750\" data-end=\"879\"><strong data-start=\"750\" data-end=\"769\">\u0141atwa rozbudowa<\/strong> \u2013 modu\u0142owa budowa pozwala na bezproblemowe rozszerzanie tunelu i dostosowanie powierzchni do potrzeb upraw.<\/p>\n<\/li>\n<li class=\"\" data-start=\"880\" data-end=\"999\">\n<p class=\"\" data-start=\"882\" data-end=\"999\"><strong data-start=\"882\" data-end=\"895\">Mobilno\u015b\u0107<\/strong> \u2013 ca\u0142e segmenty tunelu mo\u017cna szybko przenie\u015b\u0107 na inne pola, co umo\u017cliwia elastyczne planowanie upraw.<\/p>\n<\/li>\n<li class=\"\" data-start=\"1000\" data-end=\"1135\">\n<p class=\"\" data-start=\"1002\" data-end=\"1135\"><strong data-start=\"1002\" data-end=\"1024\">Wysoka efektywno\u015b\u0107<\/strong> \u2013 tunele Multi-Bay zapewniaj\u0105 optymaln\u0105 wentylacj\u0119 i warunki \u015bwietlne, wspieraj\u0105c r\u00f3wnomierny wzrost ro\u015blin.<\/p>\n<\/li>\n<li class=\"\" data-start=\"1136\" data-end=\"1256\">\n<p class=\"\" data-start=\"1138\" data-end=\"1256\"><strong data-start=\"1138\" data-end=\"1152\">Szczelno\u015b\u0107<\/strong> \u2013 doskona\u0142a ochrona przed czynnikami zewn\u0119trznymi i utrzymanie stabilnego mikroklimatu wewn\u0105trz tunelu.<\/p>\n<\/li>\n<\/ul>\n<p>[\/vc_column_text][\/vc_column][vc_column width=&#8221;1\/2&#8243;][vc_gallery interval=&#8221;3&#8243; images=&#8221;1012,1013,1014&#8243; img_size=&#8221;large&#8221; onclick=&#8221;&#8221; css=&#8221;&#8221;][\/vc_column][\/vc_row][\/vc_section][vc_section css=&#8221;.vc_custom_1744028248827{background-color: #4A8B71 !important;}&#8221;][vc_row][vc_column width=&#8221;1\/2&#8243;][vc_single_image image=&#8221;575&#8243; img_size=&#8221;full&#8221; onclick=&#8221;link_image&#8221; css=&#8221;&#8221;][\/vc_column][vc_column width=&#8221;1\/2&#8243;][vc_custom_heading text=&#8221;Mo\u017cliwo\u015bci&#8221; font_container=&#8221;tag:h2|text_align:left|color:%23FFFFFF&#8221; css=&#8221;&#8221;][vc_column_text css=&#8221;&#8221;]<\/p>\n<p class=\"\" data-start=\"16\" data-end=\"145\"><span style=\"color: #ffffff;\"><strong data-start=\"16\" data-end=\"70\">Tunele Multi-Bay oferuj\u0105 stabilno\u015b\u0107 i niezawodno\u015b\u0107<\/strong> \u2013 przy jednoczesnej wysokiej elastyczno\u015bci i wszechstronno\u015bci konstrukcji.<\/span><\/p>\n<p class=\"\" data-start=\"147\" data-end=\"560\"><span style=\"color: #ffffff;\">Tunel foliowy typu Multi-Bay to idealne rozwi\u0105zanie na zmienne warunki pogodowe. Jego szczelna konstrukcja skutecznie chroni uprawy przed deszczem, wiatrem i \u015bniegiem, zapewniaj\u0105c ca\u0142orocznie stabilne i optymalne warunki do wzrostu ro\u015blin. Wykorzystanie wysokiej jako\u015bci materia\u0142\u00f3w, odpornych na promieniowanie UV i skrajne temperatury, gwarantuje d\u0142ug\u0105 \u017cywotno\u015b\u0107 oraz niezawodno\u015b\u0107 \u2013 to inwestycja na d\u0142ugie lata.<\/span><\/p>\n<p class=\"\" data-start=\"562\" data-end=\"907\"><span style=\"color: #ffffff;\">Konstrukcja tunelu jest niezwykle wszechstronna i modu\u0142owa, co pozwala na \u0142atwe dostosowanie go do zmieniaj\u0105cych si\u0119 warunk\u00f3w uprawy. Dzi\u0119ki mo\u017cliwo\u015bci elastycznej rozbudowy i przebudowy, u\u017cytkownicy mog\u0105 dopasowa\u0107 rozmiar tunelu do powierzchni uprawnej lub przenie\u015b\u0107 go w inne miejsce \u2013 co stanowi ogromn\u0105 zalet\u0119 w codziennej organizacji pracy.<\/span><\/p>\n<p class=\"\" data-start=\"909\" data-end=\"1024\"><span style=\"color: #ffffff;\">W efekcie tunel Multi-Bay staje si\u0119 niezwykle funkcjonalnym narz\u0119dziem w codziennej pracy profesjonalnych rolnik\u00f3w.<\/span><\/p>\n<p>[\/vc_column_text][\/vc_column][\/vc_row][\/vc_section][vc_section][vc_row][vc_column width=&#8221;1\/2&#8243;][vc_custom_heading text=&#8221;Konstrukcja&#8221; css=&#8221;&#8221;][vc_column_text css=&#8221;&#8221;]<\/p>\n<p class=\"\" data-start=\"17\" data-end=\"77\"><strong data-start=\"17\" data-end=\"77\">Konstrukcje Multi \u2013 Stabilne, Elastyczne i Wszechstronne<\/strong><\/p>\n<p class=\"\" data-start=\"79\" data-end=\"373\">Konstrukcje typu Multi opieraj\u0105 si\u0119 na systemie wieloelementowych podp\u00f3r, kt\u00f3ry \u0142\u0105czy \u0142atwo\u015b\u0107 monta\u017cu, nisk\u0105 wag\u0119, mobilno\u015b\u0107 oraz zwi\u0119kszon\u0105 stabilno\u015b\u0107. To idealne rozwi\u0105zanie dla upraw, kt\u00f3re wymagaj\u0105 tunelu elastycznego, ale jednocze\u015bnie solidnego \u2013 bez kompromis\u00f3w w zakresie ochrony ro\u015blin.<\/p>\n<p class=\"\" data-start=\"375\" data-end=\"401\"><strong data-start=\"375\" data-end=\"401\">Dost\u0119pne warianty rur:<\/strong><\/p>\n<ul data-start=\"403\" data-end=\"607\">\n<li class=\"\" data-start=\"403\" data-end=\"457\">\n<p class=\"\" data-start=\"405\" data-end=\"457\">\u00d840 mm \u2013 do lekkich tuneli ogrodowych i sezonowych<\/p>\n<\/li>\n<li class=\"\" data-start=\"458\" data-end=\"519\">\n<p class=\"\" data-start=\"460\" data-end=\"519\">\u00d850,8 mm (2\u2033) \u2013 do tuneli rolniczych o \u015brednim obci\u0105\u017ceniu<\/p>\n<\/li>\n<li class=\"\" data-start=\"520\" data-end=\"607\">\n<p class=\"\" data-start=\"522\" data-end=\"607\">\u00d860,3 mm (2 3\/8\u2033) \u2013 do profesjonalnych tuneli ca\u0142orocznych o zwi\u0119kszonej odporno\u015bci<\/p>\n<\/li>\n<\/ul>\n<p class=\"\" data-start=\"609\" data-end=\"657\"><strong data-start=\"609\" data-end=\"641\">Dost\u0119pne d\u0142ugo\u015bci segment\u00f3w:<\/strong> 2 m, 2,5 m, 3 m<\/p>\n<p class=\"\" data-start=\"659\" data-end=\"824\">System konstrukcyjny Multi to nowoczesne i wszechstronne rozwi\u0105zanie, kt\u00f3re umo\u017cliwia indywidualne dopasowanie tunelu do wymaga\u0144 r\u00f3\u017cnych upraw i warunk\u00f3w uprawowych.<\/p>\n<p>[\/vc_column_text][\/vc_column][vc_column width=&#8221;1\/2&#8243; css=&#8221;.vc_custom_1744030370866{margin-left: 10vw !important;}&#8221;][vc_gallery type=&#8221;image_grid&#8221; images=&#8221;1055&#8243; img_size=&#8221;large&#8221; onclick=&#8221;&#8221; css=&#8221;&#8221;][\/vc_column][\/vc_row][\/vc_section][vc_section][vc_row][vc_column width=&#8221;1\/2&#8243;][vc_single_image image=&#8221;16&#8243; img_size=&#8221;full&#8221; css=&#8221;&#8221;][\/vc_column][vc_column width=&#8221;1\/2&#8243;][vc_column_text css=&#8221;&#8221;]<\/p>\n<p class=\"\" data-start=\"0\" data-end=\"36\"><strong data-start=\"0\" data-end=\"36\">Opcje stali \u0142ukowej (Hoop Steel)<\/strong><\/p>\n<p class=\"\" data-start=\"38\" data-end=\"200\">W konstrukcji tuneli foliowych, w zale\u017cno\u015bci od wymaga\u0144 technicznych oraz planowanej szeroko\u015bci i no\u015bno\u015bci tunelu, stosuje si\u0119 zar\u00f3wno rury okr\u0105g\u0142e, jak i owalne.<\/p>\n<p class=\"\" data-start=\"202\" data-end=\"468\"><strong data-start=\"202\" data-end=\"235\">Dost\u0119pne opcje rur okr\u0105g\u0142ych:<\/strong><br data-start=\"235\" data-end=\"238\" \/>\u2013 40\u00d72 mm \u2013 do lekkich konstrukcji ogrodowych i sezonowych<br data-start=\"296\" data-end=\"299\" \/>\u2013 50,8\u00d72 mm (2 cale) \u2013 standardowy wyb\u00f3r dla tuneli rolniczych o \u015brednim rozstawie \u0142uk\u00f3w<br data-start=\"387\" data-end=\"390\" \/>\u2013 60,3\u00d72 mm (2 3\/8 cala) \u2013 do ca\u0142orocznych konstrukcji o du\u017cej wytrzyma\u0142o\u015bci<\/p>\n<p class=\"\" data-start=\"470\" data-end=\"749\"><strong data-start=\"470\" data-end=\"528\">W celu zwi\u0119kszenia sztywno\u015bci i odporno\u015bci na zginanie<\/strong> dost\u0119pna jest r\u00f3wnie\u017c rura owalna 80\u00d740 mm, kt\u00f3ra oferuje wysok\u0105 stabilno\u015b\u0107 przy stosunkowo niskiej masie. Wykorzystywana jest g\u0142\u00f3wnie w tunelach o wi\u0119kszej rozpi\u0119to\u015bci lub tam, gdzie uprawy wymagaj\u0105 szczeg\u00f3lnej ochrony.<\/p>\n<p class=\"\" data-start=\"751\" data-end=\"887\">Wszystkie rury wykonane s\u0105 ze stali konstrukcyjnej klasy E370, co gwarantuje trwa\u0142o\u015b\u0107 i odporno\u015b\u0107 na niekorzystne warunki atmosferyczne.<\/p>\n<p>[\/vc_column_text][\/vc_column][\/vc_row][\/vc_section][vc_row][vc_column][vc_column_text css=&#8221;&#8221;]<\/p>\n<h3 data-start=\"0\" data-end=\"39\"><strong>\ud83d\udcac Masz pytania? Ch\u0119tnie doradzimy!<\/strong><\/h3>\n<p class=\"\" data-start=\"41\" data-end=\"129\">Skontaktuj si\u0119 z nami \u2013 pomo\u017cemy Ci znale\u017a\u0107 tunel idealnie dopasowany do Twoich potrzeb.<\/p>\n<p class=\"\" data-start=\"131\" data-end=\"216\">\ud83d\udcde <strong data-start=\"134\" data-end=\"146\">Zadzwo\u0144:<\/strong> +49 151 664 497 54<br data-start=\"165\" data-end=\"168\" \/>\u2709\ufe0f <strong data-start=\"171\" data-end=\"189\">Napisz do nas:<\/strong> <a rel=\"noopener\" data-start=\"190\" data-end=\"216\" data-is-last-node=\"\">tunnels@progresstunnels.cz<\/a><\/p>\n<p>[\/vc_column_text][\/vc_column][\/vc_row]<\/p>\n<\/div>","protected":false},"excerpt":{"rendered":"<p>[vc_section full_height=&#8221;yes&#8221; css=&#8221;.vc_custom_1744209034556{background-image: url(http:\/\/progresstunnels.cz\/wp-content\/uploads\/2025\/04\/multibay-real.jpg?id=957) !important;background-position: center !important;background-repeat: no-repeat !important;background-size: cover !important;}&#8221;][\/vc_section][vc_section css=&#8221;.vc_custom_1744028243537{background-position: center !important;background-repeat: no-repeat !important;background-size: cover !important;}&#8221;][vc_row][vc_column width=&#8221;1\/2&#8243;][vc_custom_heading text=&#8221;Zastosowanie&#8221; css=&#8221;&#8221;][vc_column_text css=&#8221;&#8221;] Tunel Multi-Bay \u2013 idealne rozwi\u0105zanie dla profesjonalnej uprawy Tunele foliowe typu Multi-Bay zosta\u0142y zaprojektowane z my\u015bl\u0105 o profesjonalnych uprawach na du\u017c\u0105 skal\u0119, gdzie kluczowe znaczenie maj\u0105 elastyczno\u015b\u0107 oraz zapewnienie optymalnych warunk\u00f3w dla ro\u015blin. [&hellip;]<\/p>\n","protected":false},"author":1,"featured_media":0,"parent":0,"menu_order":0,"comment_status":"closed","ping_status":"closed","template":"one-page-template.php","meta":{"footnotes":""},"class_list":["post-41","page","type-page","status-publish","hentry"],"_links":{"self":[{"href":"https:\/\/progresstunnels.cz\/index.php?rest_route=\/wp\/v2\/pages\/41","targetHints":{"allow":["GET"]}}],"collection":[{"href":"https:\/\/progresstunnels.cz\/index.php?rest_route=\/wp\/v2\/pages"}],"about":[{"href":"https:\/\/progresstunnels.cz\/index.php?rest_route=\/wp\/v2\/types\/page"}],"author":[{"embeddable":true,"href":"https:\/\/progresstunnels.cz\/index.php?rest_route=\/wp\/v2\/users\/1"}],"replies":[{"embeddable":true,"href":"https:\/\/progresstunnels.cz\/index.php?rest_route=%2Fwp%2Fv2%2Fcomments&post=41"}],"version-history":[{"count":36,"href":"https:\/\/progresstunnels.cz\/index.php?rest_route=\/wp\/v2\/pages\/41\/revisions"}],"predecessor-version":[{"id":1091,"href":"https:\/\/progresstunnels.cz\/index.php?rest_route=\/wp\/v2\/pages\/41\/revisions\/1091"}],"wp:attachment":[{"href":"https:\/\/progresstunnels.cz\/index.php?rest_route=%2Fwp%2Fv2%2Fmedia&parent=41"}],"curies":[{"name":"wp","href":"https:\/\/api.w.org\/{rel}","templated":true}]}}