{"id":39,"date":"2025-03-27T17:55:32","date_gmt":"2025-03-27T17:55:32","guid":{"rendered":"https:\/\/progresstunnels.cz\/?page_id=39"},"modified":"2025-04-16T05:16:40","modified_gmt":"2025-04-16T05:16:40","slug":"solo-tunnel","status":"publish","type":"page","link":"https:\/\/progresstunnels.cz\/?page_id=39","title":{"rendered":"SOLO TUNNEL"},"content":{"rendered":"<div class=\"wpb-content-wrapper\"><p>[vc_section full_height=&#8221;yes&#8221; css=&#8221;.vc_custom_1743946587518{background-image: url(http:\/\/progresstunnels.cz\/wp-content\/uploads\/2025\/04\/overlayed-solo-tunel.png?id=645) !important;background-position: center !important;background-repeat: no-repeat !important;background-size: cover !important;}&#8221;][\/vc_section][vc_section css=&#8221;.vc_custom_1744028243537{background-position: center !important;background-repeat: no-repeat !important;background-size: cover !important;}&#8221;][vc_row][vc_column width=&#8221;1\/2&#8243;][vc_custom_heading text=&#8221;Zastosowanie&#8221; css=&#8221;&#8221;][vc_column_text css=&#8221;&#8221;]<\/p>\n<p class=\"\" data-start=\"18\" data-end=\"80\"><strong data-start=\"18\" data-end=\"80\">Tunel Solo \u2013 idealne rozwi\u0105zanie dla profesjonalnej uprawy<\/strong><\/p>\n<p class=\"\" data-start=\"82\" data-end=\"427\">Nasze tunele foliowe typu Solo zosta\u0142y specjalnie zaprojektowane, aby wspiera\u0107 profesjonalne uprawy na du\u017c\u0105 skal\u0119. Konstrukcja tych tuneli umo\u017cliwia wyd\u0142u\u017cenie okresu wegetacyjnego, dzi\u0119ki czemu ro\u015bliny mog\u0105 by\u0107 uprawiane tak\u017ce p\u00f3\u017an\u0105 jesieni\u0105, zim\u0105 i wczesn\u0105 wiosn\u0105. Tunele przyspieszaj\u0105 wzrost ro\u015blin i tworz\u0105 optymalne warunki dla ich rozwoju.<\/p>\n<p class=\"\" data-start=\"429\" data-end=\"452\"><strong data-start=\"429\" data-end=\"452\">Zalety tunelu Solo:<\/strong><\/p>\n<ul data-start=\"454\" data-end=\"853\">\n<li class=\"\" data-start=\"454\" data-end=\"539\">\n<p class=\"\" data-start=\"456\" data-end=\"539\"><strong data-start=\"456\" data-end=\"479\">Solidna konstrukcja<\/strong> \u2013 odporna na silne wiatry i trudne warunki atmosferyczne.<\/p>\n<\/li>\n<li class=\"\" data-start=\"540\" data-end=\"660\">\n<p class=\"\" data-start=\"542\" data-end=\"660\"><strong data-start=\"542\" data-end=\"558\">\u0141atwy monta\u017c<\/strong> \u2013 system zosta\u0142 zaprojektowany tak, aby mo\u017cna go by\u0142o bezproblemowo z\u0142o\u017cy\u0107 i roz\u0142o\u017cy\u0107 samodzielnie.<\/p>\n<\/li>\n<li class=\"\" data-start=\"661\" data-end=\"739\">\n<p class=\"\" data-start=\"663\" data-end=\"739\"><strong data-start=\"663\" data-end=\"676\">Mobilno\u015b\u0107<\/strong> \u2013 tunel mo\u017cna szybko przenie\u015b\u0107 na inne powierzchnie uprawne.<\/p>\n<\/li>\n<li class=\"\" data-start=\"740\" data-end=\"853\">\n<p class=\"\" data-start=\"742\" data-end=\"853\"><strong data-start=\"742\" data-end=\"763\">Wysoka szczelno\u015b\u0107<\/strong> \u2013 chroni przed wp\u0142ywem czynnik\u00f3w zewn\u0119trznych i zapewnia stabilny mikroklimat dla ro\u015blin.<\/p>\n<\/li>\n<\/ul>\n<p class=\"\" data-start=\"855\" data-end=\"1015\">Tunele foliowe typu Solo to doskona\u0142y wyb\u00f3r dla rolnik\u00f3w, kt\u00f3rzy chc\u0105 zmaksymalizowa\u0107 efektywno\u015b\u0107 swoich upraw i zapewni\u0107 ro\u015blinom najlepsze warunki do wzrostu.<\/p>\n<p>[\/vc_column_text][\/vc_column][vc_column width=&#8221;1\/2&#8243;][vc_gallery interval=&#8221;3&#8243; images=&#8221;916,1066&#8243; img_size=&#8221;large&#8221; onclick=&#8221;&#8221; css=&#8221;&#8221;][\/vc_column][\/vc_row][\/vc_section][vc_section css=&#8221;.vc_custom_1744028248827{background-color: #4A8B71 !important;}&#8221;][vc_row][vc_column width=&#8221;1\/2&#8243;][vc_single_image image=&#8221;1027&#8243; img_size=&#8221;full&#8221; onclick=&#8221;link_image&#8221; css=&#8221;&#8221;][\/vc_column][vc_column width=&#8221;1\/2&#8243;][vc_custom_heading text=&#8221;Mo\u017cliwo\u015bci&#8221; font_container=&#8221;tag:h2|text_align:left|color:%23FFFFFF&#8221; css=&#8221;&#8221;][vc_column_text css=&#8221;&#8221;]<\/p>\n<div class=\"wpb_text_column wpb_content_element\">\n<div class=\"wpb_wrapper\">\n<p class=\"\" data-start=\"19\" data-end=\"82\"><span style=\"color: #ffffff;\"><strong data-start=\"19\" data-end=\"82\">Solo Tunnel \u2013 Stability, Simplicity, and Versatility in One<\/strong><\/span><\/p>\n<p class=\"\" data-start=\"84\" data-end=\"186\"><span style=\"color: #ffffff;\">Solo polytunnels offer high stability and reliability without compromising on construction simplicity.<\/span><\/p>\n<p class=\"\" data-start=\"188\" data-end=\"522\"><span style=\"color: #ffffff;\">A polytunnel is the perfect solution for unpredictable weather conditions. Its tightly sealed structure reliably protects plants from rain, wind, and snow, creating a stable and optimal growth environment. The use of durable materials that are UV-resistant and temperature-resistant ensures long-lasting performance and dependability.<\/span><\/p>\n<p class=\"\" data-start=\"524\" data-end=\"817\"><span style=\"color: #ffffff;\">The tunnel\u2019s construction is extremely flexible, allowing for easy relocation to other growing areas. This means users can adjust the tunnel\u2019s location based on their crops\u2019 needs \u2013 another major advantage that makes the Solo Tunnel a practical and efficient tool for professional cultivation.<\/span><\/p>\n<\/div>\n<\/div>\n<p>[\/vc_column_text][\/vc_column][\/vc_row][\/vc_section][vc_section][vc_row][vc_column width=&#8221;1\/2&#8243;][vc_custom_heading text=&#8221;Specyfikacja techniczna&#8221; css=&#8221;&#8221;][vc_column_text css=&#8221;&#8221;]<\/p>\n<p class=\"\" data-start=\"29\" data-end=\"77\"><strong data-start=\"29\" data-end=\"77\">Konstrukcje Solo \u2013 Lekkie, Mobilne i Wydajne<\/strong><\/p>\n<p class=\"\" data-start=\"79\" data-end=\"434\">Konstrukcje Solo opieraj\u0105 si\u0119 na systemie jednopodporowym, kt\u00f3ry charakteryzuje si\u0119 \u0142atwym monta\u017cem i lekk\u0105 budow\u0105. To idealne rozwi\u0105zanie dla upraw wymagaj\u0105cych szybkiego i nieskomplikowanego ustawienia tunelu bezpo\u015brednio na polu. System ten doskonale sprawdza si\u0119 wsz\u0119dzie tam, gdzie liczy si\u0119 mobilno\u015b\u0107 i efektywno\u015b\u0107 \u2013 bez rezygnacji z ochrony ro\u015blin.<\/p>\n<p class=\"\" data-start=\"436\" data-end=\"462\"><strong data-start=\"436\" data-end=\"462\">Dost\u0119pne \u015brednice rur:<\/strong><\/p>\n<ul data-start=\"464\" data-end=\"668\">\n<li class=\"\" data-start=\"464\" data-end=\"518\">\n<p class=\"\" data-start=\"466\" data-end=\"518\">\u00d840 mm \u2013 do lekkich tuneli ogrodowych i sezonowych<\/p>\n<\/li>\n<li class=\"\" data-start=\"519\" data-end=\"579\">\n<p class=\"\" data-start=\"521\" data-end=\"579\">\u00d850,8 mm (2\u2033) \u2013 do tuneli rolniczych o \u015bredniej no\u015bno\u015bci<\/p>\n<\/li>\n<li class=\"\" data-start=\"580\" data-end=\"668\">\n<p class=\"\" data-start=\"582\" data-end=\"668\">\u00d860,3 mm (2 3\/8\u2033) \u2013 do profesjonalnych tuneli ca\u0142orocznych o zwi\u0119kszonej stabilno\u015bci<\/p>\n<\/li>\n<\/ul>\n<p class=\"\" data-start=\"670\" data-end=\"792\">Konstrukcje Solo dost\u0119pne s\u0105 z r\u00f3\u017cnymi d\u0142ugo\u015bciami kotew, w zale\u017cno\u015bci od rodzaju gleby oraz indywidualnych wymaga\u0144 upraw.<\/p>\n<p>[\/vc_column_text][\/vc_column][vc_column width=&#8221;1\/2&#8243;][vc_single_image image=&#8221;1058&#8243; img_size=&#8221;200&#215;400&#8243; css=&#8221;&#8221;][\/vc_column][\/vc_row][\/vc_section][vc_section][vc_row][vc_column width=&#8221;1\/2&#8243;][vc_single_image image=&#8221;1025&#8243; img_size=&#8221;full&#8221; css=&#8221;&#8221;][\/vc_column][vc_column width=&#8221;1\/2&#8243;][vc_column_text css=&#8221;&#8221;]<\/p>\n<p class=\"\" data-start=\"0\" data-end=\"25\"><strong data-start=\"0\" data-end=\"25\">Opcje Stali na Obejmy<\/strong><\/p>\n<p class=\"\" data-start=\"27\" data-end=\"119\">Do konstrukcji ram tuneli dost\u0119pne s\u0105 dwa kszta\u0142ty przekroju poprzecznego: okr\u0105g\u0142y i owalny.<\/p>\n<p class=\"\" data-start=\"121\" data-end=\"158\"><strong data-start=\"121\" data-end=\"158\">Profil Okr\u0105g\u0142y \u2013 Typowe \u015arednice:<\/strong><\/p>\n<ul data-start=\"160\" data-end=\"398\">\n<li class=\"\" data-start=\"160\" data-end=\"212\">\n<p class=\"\" data-start=\"162\" data-end=\"212\">\u00d840 mm \u2013 stosowany w lekkich tunelach ogrodowych<\/p>\n<\/li>\n<li class=\"\" data-start=\"213\" data-end=\"293\">\n<p class=\"\" data-start=\"215\" data-end=\"293\">\u00d850,8 mm (2\u2033) \u2013 standardowy rozmiar dla tuneli rolniczych \u015bredniej wielko\u015bci<\/p>\n<\/li>\n<li class=\"\" data-start=\"294\" data-end=\"398\">\n<p class=\"\" data-start=\"296\" data-end=\"398\">\u00d860,3 mm (2 3\/8\u2033) \u2013 wykorzystywany w wzmocnionych, ca\u0142orocznych konstrukcjach o wi\u0119kszej rozpi\u0119to\u015bci<\/p>\n<\/li>\n<\/ul>\n<p class=\"\" data-start=\"400\" data-end=\"454\"><strong data-start=\"400\" data-end=\"454\">Profil Owalny \u2013 Zwi\u0119kszona Sztywno\u015b\u0107 i Stabilno\u015b\u0107:<\/strong><\/p>\n<ul data-start=\"456\" data-end=\"629\">\n<li class=\"\" data-start=\"456\" data-end=\"521\">\n<p class=\"\" data-start=\"458\" data-end=\"521\">90\u00d740 mm \u2013 zapewnia wysok\u0105 stabilno\u015b\u0107 przy umiarkowanej masie<\/p>\n<\/li>\n<li class=\"\" data-start=\"522\" data-end=\"629\">\n<p class=\"\" data-start=\"524\" data-end=\"629\">90\u00d750 mm \u2013 idealny do tuneli przemys\u0142owych, gdzie kluczowe znaczenie maj\u0105 obci\u0105\u017cenia od wiatru i \u015bniegu<\/p>\n<\/li>\n<\/ul>\n<p class=\"\" data-start=\"631\" data-end=\"671\">Wyb\u00f3r kszta\u0142tu i \u015brednicy rur zale\u017cy od:<\/p>\n<ul data-start=\"673\" data-end=\"755\" data-is-last-node=\"\" data-is-only-node=\"\">\n<li class=\"\" data-start=\"673\" data-end=\"694\">\n<p class=\"\" data-start=\"675\" data-end=\"694\">wielko\u015bci tunelu,<\/p>\n<\/li>\n<li class=\"\" data-start=\"695\" data-end=\"733\">\n<p class=\"\" data-start=\"697\" data-end=\"733\">spodziewanych warunk\u00f3w pogodowych,<\/p>\n<\/li>\n<li class=\"\" data-start=\"734\" data-end=\"755\">\n<p class=\"\" data-start=\"736\" data-end=\"755\">oraz rodzaju upraw.<\/p>\n<\/li>\n<\/ul>\n<p>[\/vc_column_text][\/vc_column][\/vc_row][\/vc_section][vc_section][vc_row][vc_column width=&#8221;1\/2&#8243;][vc_column_text css=&#8221;&#8221;]<\/p>\n<p class=\"\" data-start=\"0\" data-end=\"40\"><strong data-start=\"0\" data-end=\"40\">Opcje Konstrukcyjne Tuneli Foliowych<\/strong><\/p>\n<p class=\"\" data-start=\"42\" data-end=\"104\">Nasze konstrukcje tuneli dost\u0119pne s\u0105 w dw\u00f3ch kszta\u0142tach \u0142uk\u00f3w:<\/p>\n<ul data-start=\"106\" data-end=\"322\">\n<li class=\"\" data-start=\"106\" data-end=\"181\">\n<p class=\"\" data-start=\"108\" data-end=\"181\"><strong data-start=\"108\" data-end=\"119\">Okr\u0105g\u0142y<\/strong> \u2013 klasyczny kszta\u0142t zapewniaj\u0105cy r\u00f3wnomierne roz\u0142o\u017cenie si\u0142<\/p>\n<\/li>\n<li class=\"\" data-start=\"182\" data-end=\"322\">\n<p class=\"\" data-start=\"184\" data-end=\"322\"><strong data-start=\"184\" data-end=\"195\">Gotycki<\/strong> \u2013 zoptymalizowany pod k\u0105tem lepszego odprowadzania deszczu i \u015bniegu, idealny do warunk\u00f3w zimowych i intensywnej eksploatacji<\/p>\n<\/li>\n<\/ul>\n<p class=\"\" data-start=\"324\" data-end=\"430\"><strong data-start=\"324\" data-end=\"355\">Dost\u0119pne szeroko\u015bci tuneli:<\/strong><br data-start=\"355\" data-end=\"358\" \/>Od 6 m do 12 m \u2013 w zale\u017cno\u015bci od przeznaczenia oraz warunk\u00f3w terenowych.<\/p>\n<p class=\"\" data-start=\"432\" data-end=\"638\">Wszystkie elementy konstrukcyjne wykonane s\u0105 z wysokiej jako\u015bci stali konstrukcyjnej E370, co gwarantuje du\u017c\u0105 no\u015bno\u015b\u0107, odporno\u015b\u0107 na warunki atmosferyczne oraz d\u0142ug\u0105 \u017cywotno\u015b\u0107 nawet w wymagaj\u0105cym \u015brodowisku.<\/p>\n<p>[\/vc_column_text][\/vc_column][vc_column width=&#8221;1\/2&#8243;][vc_gallery type=&#8221;image_grid&#8221; images=&#8221;1024&#8243; img_size=&#8221;full&#8221; onclick=&#8221;&#8221; css=&#8221;&#8221;][\/vc_column][\/vc_row][\/vc_section][vc_row][vc_column][vc_column_text css=&#8221;&#8221;]<\/p>\n<p class=\"\" data-start=\"0\" data-end=\"42\">\ud83c\udf31 <strong data-start=\"3\" data-end=\"42\">Zainwestuj w Swoje Uprawy Ju\u017c Dzi\u015b!<\/strong><\/p>\n<p class=\"\" data-start=\"44\" data-end=\"135\">Dowiedz si\u0119 wi\u0119cej o naszych tunelach foliowych i stw\u00f3rz idealne warunki do wzrostu ro\u015blin.<\/p>\n<p class=\"\" data-start=\"137\" data-end=\"213\">\ud83d\udc49 <a href=\"https:\/\/progresstunnels.cz\/contact\/\"><strong data-start=\"140\" data-end=\"165\">Skontaktuj si\u0119 z nami<\/strong><\/a> lub <strong data-start=\"170\" data-end=\"213\" data-is-last-node=\"\">popro\u015b o indywidualn\u0105 wycen\u0119 ju\u017c teraz!<\/strong><\/p>\n<p>[\/vc_column_text][\/vc_column][\/vc_row]<\/p>\n<\/div>","protected":false},"excerpt":{"rendered":"<p>[vc_section full_height=&#8221;yes&#8221; css=&#8221;.vc_custom_1743946587518{background-image: url(http:\/\/progresstunnels.cz\/wp-content\/uploads\/2025\/04\/overlayed-solo-tunel.png?id=645) !important;background-position: center !important;background-repeat: no-repeat !important;background-size: cover !important;}&#8221;][\/vc_section][vc_section css=&#8221;.vc_custom_1744028243537{background-position: center !important;background-repeat: no-repeat !important;background-size: cover !important;}&#8221;][vc_row][vc_column width=&#8221;1\/2&#8243;][vc_custom_heading text=&#8221;Zastosowanie&#8221; css=&#8221;&#8221;][vc_column_text css=&#8221;&#8221;] Tunel Solo \u2013 idealne rozwi\u0105zanie dla profesjonalnej uprawy Nasze tunele foliowe typu Solo zosta\u0142y specjalnie zaprojektowane, aby wspiera\u0107 profesjonalne uprawy na du\u017c\u0105 skal\u0119. Konstrukcja tych tuneli umo\u017cliwia wyd\u0142u\u017cenie okresu wegetacyjnego, dzi\u0119ki czemu ro\u015bliny [&hellip;]<\/p>\n","protected":false},"author":1,"featured_media":0,"parent":0,"menu_order":0,"comment_status":"closed","ping_status":"closed","template":"one-page-template.php","meta":{"footnotes":""},"class_list":["post-39","page","type-page","status-publish","hentry"],"_links":{"self":[{"href":"https:\/\/progresstunnels.cz\/index.php?rest_route=\/wp\/v2\/pages\/39","targetHints":{"allow":["GET"]}}],"collection":[{"href":"https:\/\/progresstunnels.cz\/index.php?rest_route=\/wp\/v2\/pages"}],"about":[{"href":"https:\/\/progresstunnels.cz\/index.php?rest_route=\/wp\/v2\/types\/page"}],"author":[{"embeddable":true,"href":"https:\/\/progresstunnels.cz\/index.php?rest_route=\/wp\/v2\/users\/1"}],"replies":[{"embeddable":true,"href":"https:\/\/progresstunnels.cz\/index.php?rest_route=%2Fwp%2Fv2%2Fcomments&post=39"}],"version-history":[{"count":113,"href":"https:\/\/progresstunnels.cz\/index.php?rest_route=\/wp\/v2\/pages\/39\/revisions"}],"predecessor-version":[{"id":1078,"href":"https:\/\/progresstunnels.cz\/index.php?rest_route=\/wp\/v2\/pages\/39\/revisions\/1078"}],"wp:attachment":[{"href":"https:\/\/progresstunnels.cz\/index.php?rest_route=%2Fwp%2Fv2%2Fmedia&parent=39"}],"curies":[{"name":"wp","href":"https:\/\/api.w.org\/{rel}","templated":true}]}}