{"id":1109,"date":"2025-05-07T12:29:53","date_gmt":"2025-05-07T12:29:53","guid":{"rendered":"https:\/\/progresstunnels.cz\/?page_id=1109"},"modified":"2025-05-13T05:44:56","modified_gmt":"2025-05-13T05:44:56","slug":"kurniki","status":"publish","type":"page","link":"https:\/\/progresstunnels.cz\/?page_id=1109","title":{"rendered":"Kurniki"},"content":{"rendered":"<div class=\"wpb-content-wrapper\"><p>[vc_section full_height=&#8221;yes&#8221; css=&#8221;.vc_custom_1746775767272{background-image: url(http:\/\/progresstunnels.cz\/wp-content\/uploads\/2025\/05\/strona-glowna.jpeg?id=1141) !important;background-position: center !important;background-repeat: no-repeat !important;background-size: cover !important;}&#8221;][\/vc_section][vc_row][vc_column width=&#8221;1\/2&#8243;][vc_empty_space][vc_custom_heading text=&#8221;Kurnik Q 6&#8243; css=&#8221;&#8221;][vc_column_text css=&#8221;&#8221;]<\/p>\n<ul>\n<li>\u0161\u00ed\u0159ka 6m; d\u00e9lka z\u00e1vis\u00ed na po\u010dtu sekc\u00ed (d\u00e9lka sekce &#8211; 2 m)<\/li>\n<li>konstrukce na li\u017ein\u00e1ch; vyrobeno z \u017e\u00e1rov\u011b pozinkovan\u00e9 oceli<\/li>\n<li>st\u0159echa je zateplena PVC tlou\u0161\u0165kou 80 mm<\/li>\n<li>standardn\u00ed PUR panely 40mm, voliteln\u011b 80mm<\/li>\n<\/ul>\n<p>[\/vc_column_text][\/vc_column][vc_column width=&#8221;1\/2&#8243;][vc_single_image image=&#8221;1127&#8243; img_size=&#8221;large&#8221; css=&#8221;&#8221;][\/vc_column][\/vc_row][vc_row][vc_column width=&#8221;1\/2&#8243;][vc_single_image image=&#8221;1132&#8243; img_size=&#8221;large&#8221; css=&#8221;&#8221;][\/vc_column][vc_column width=&#8221;1\/2&#8243;][vc_custom_heading text=&#8221;Kurnik Q 7&#8243; css=&#8221;&#8221;][vc_column_text css=&#8221;&#8221;]<\/p>\n<ul>\n<li>Kurn\u00edk Quramo rozm\u011br 7,5 m &#8211; X sekc\u00ed:<\/li>\n<li>\u0160\u00ed\u0159ka 7,5m; d\u00e9lka z\u00e1vis\u00ed na po\u010dtu sekc\u00ed (d\u00e9lka sekce &#8211; 2,5 m)<\/li>\n<li>Rozm\u011bry technick\u00e9 m\u00edstnosti (vaje\u010dn\u00e1 m\u00edstnost) 5,3 m \u00d7 2,2 m<\/li>\n<li>Rozm\u011bry v\u00fdklenku pro plnic\u00ed n\u00e1dr\u017e a plynov\u00e9 lahve jsou 2,2 m \u00d7 2,3 m<\/li>\n<li>Plocha technick\u00e9 m\u00edstnosti je 11,6 m2<\/li>\n<li>Struktura kurn\u00edku na li\u017ein\u00e1ch; vyrobeno z \u017e\u00e1rov\u011b pozinkovan\u00e9 oceli<\/li>\n<li>Pro chov brojler\u016f je podlaha vyrobena z vod\u011bodoln\u00e9 p\u0159ekli\u017eky<\/li>\n<li>Sendvi\u010dov\u00e1 st\u0159echa ze spodn\u00ed plachty, 60 mm izola\u010dn\u00ed vaty a vrchn\u00ed zelen\u00e9 plachty<\/li>\n<li>Okapov\u00fd syst\u00e9m<\/li>\n<li>Nucen\u00e9 v\u011btr\u00e1n\u00ed: izolovan\u00e9 p\u0159\u00edvody vzduchu, ods\u00e1vac\u00ed ventil\u00e1tory,<\/li>\n<li>Okna po cel\u00e9 d\u00e9lce bo\u010dn\u00edch st\u011bn<\/li>\n<li>3+ v\u00fdlezy pro dr\u016fbe\u017e se otev\u00edraj\u00ed sou\u010dasn\u011b<\/li>\n<li>Dvouk\u0159\u00eddl\u00e1 br\u00e1na, \u0161\u00ed\u0159ka 2,5 m, v\u00fd\u0161ka 2,3 m ve \u0161t\u00edtov\u00e9 st\u011bn\u011b<\/li>\n<\/ul>\n<p>[\/vc_column_text][\/vc_column][\/vc_row][vc_row][vc_column width=&#8221;1\/2&#8243;][vc_custom_heading text=&#8221;Kurnik Q 9&#8243; css=&#8221;&#8221;][vc_column_text css=&#8221;&#8221;]<\/p>\n<ul>\n<li>Kurn\u00edk Quramo rozm\u011br 9 m &#8211; X sekc\u00ed:<\/li>\n<li>\u0160\u00ed\u0159ka 9m; d\u00e9lka z\u00e1vis\u00ed na po\u010dtu sekc\u00ed (sekce &#8211; 2,5 m)<\/li>\n<li>Plocha z\u00e1vis\u00ed na po\u010dtu sekc\u00ed: po\u010det sekc\u00ed \u00d7 2,5 m \u00d7 \u0161\u00ed\u0159ka 9 m<\/li>\n<li>Hmotnost kurn\u00edku z\u00e1vis\u00ed na po\u010dtu sekc\u00ed<\/li>\n<li>Struktura kurn\u00edku na li\u017ein\u00e1ch; vyrobeno z \u017e\u00e1rov\u011b pozinkovan\u00e9 oceli<\/li>\n<li>St\u011bny &#8211; vyrobeny z oboustrann\u00e9ho polyuretanov\u00e9ho sendvi\u010dov\u00e9ho panelu o tlou\u0161\u0165ce 40 mm<\/li>\n<li>Sendvi\u010dov\u00e1 st\u0159echa ze spodn\u00ed plachty, 60 mm izola\u010dn\u00ed vaty a vrchn\u00ed zelen\u00e9 plachty<\/li>\n<li>Gravita\u010dn\u00ed v\u011btr\u00e1n\u00ed: otev\u00edr\u00e1n\u00ed oken po d\u00e9lce bo\u010dn\u00edch st\u011bn,<\/li>\n<li>Okna po cel\u00e9 d\u00e9lce bo\u010dn\u00edch st\u011bn<\/li>\n<li>V\u00fdlezy pro dr\u016fbe\u017e mno\u017estv\u00ed a um\u00edst\u011bn\u00ed na p\u0159\u00e1n\u00ed z\u00e1kazn\u00edka<\/li>\n<li>Jednoduch\u00e9 vchodov\u00e9 dve\u0159e (0,8 m)<\/li>\n<\/ul>\n<p>[\/vc_column_text][\/vc_column][vc_column width=&#8221;1\/2&#8243;][vc_single_image image=&#8221;1131&#8243; img_size=&#8221;large&#8221; css=&#8221;&#8221;][\/vc_column][\/vc_row][vc_row][vc_column width=&#8221;1\/2&#8243;][vc_single_image image=&#8221;1152&#8243; img_size=&#8221;large&#8221; css=&#8221;&#8221;][\/vc_column][vc_column width=&#8221;1\/2&#8243;][vc_custom_heading text=&#8221;Kurnik Q 12&#8243; css=&#8221;&#8221;][vc_column_text css=&#8221;&#8221;]<\/p>\n<ul>\n<li>Kurn\u00edk Quramo rozm\u011br 12 m &#8211; X sekc\u00ed:<\/li>\n<li>\u0160\u00ed\u0159ka 12m; d\u00e9lka z\u00e1vis\u00ed na po\u010dtu sekc\u00ed (d\u00e9lka sekce &#8211; 2,5 m)<\/li>\n<li>Rozm\u011bry technick\u00e9 m\u00edstnosti (vaje\u010dn\u00e1 m\u00edstnost) 5,3 m \u00d7 2,2 m<\/li>\n<li>Rozm\u011bry v\u00fdklenku pro plnic\u00ed n\u00e1dr\u017e a plynov\u00e9 lahve jsou 2,2 m \u00d7 2,3 m<\/li>\n<li>Plocha technick\u00e9 m\u00edstnosti je 11,6 m2<\/li>\n<li>Struktura kurn\u00edku na li\u017ein\u00e1ch; vyrobeno z \u017e\u00e1rov\u011b pozinkovan\u00e9 oceli<\/li>\n<li>Pro chov brojler\u016f je podlaha vyrobena z vod\u011bodoln\u00e9 p\u0159ekli\u017eky<\/li>\n<li>Sendvi\u010dov\u00e1 st\u0159echa ze spodn\u00ed plachty, 60 mm izola\u010dn\u00ed vaty a vrchn\u00ed zelen\u00e9 plachty<\/li>\n<li>Okapov\u00fd syst\u00e9m<\/li>\n<li>Nucen\u00e9 v\u011btr\u00e1n\u00ed: izolovan\u00e9 p\u0159\u00edvody vzduchu, ods\u00e1vac\u00ed ventil\u00e1tory,<\/li>\n<li>Okna po cel\u00e9 d\u00e9lce bo\u010dn\u00edch st\u011bn<\/li>\n<li>3+ v\u00fdlezy pro dr\u016fbe\u017e se otev\u00edraj\u00ed sou\u010dasn\u011b<\/li>\n<li>Dvouk\u0159\u00eddl\u00e1 br\u00e1na, \u0161\u00ed\u0159ka 2,5 m, v\u00fd\u0161ka 2,3 m ve \u0161t\u00edtov\u00e9 st\u011bn\u011b<\/li>\n<\/ul>\n<p>&nbsp;[\/vc_column_text][\/vc_column][\/vc_row]<\/p>\n<\/div>","protected":false},"excerpt":{"rendered":"<p>[vc_section full_height=&#8221;yes&#8221; css=&#8221;.vc_custom_1746775767272{background-image: url(http:\/\/progresstunnels.cz\/wp-content\/uploads\/2025\/05\/strona-glowna.jpeg?id=1141) !important;background-position: center !important;background-repeat: no-repeat !important;background-size: cover !important;}&#8221;][\/vc_section][vc_row][vc_column width=&#8221;1\/2&#8243;][vc_empty_space][vc_custom_heading text=&#8221;Kurnik Q 6&#8243; css=&#8221;&#8221;][vc_column_text css=&#8221;&#8221;] \u0161\u00ed\u0159ka 6m; d\u00e9lka z\u00e1vis\u00ed na po\u010dtu sekc\u00ed (d\u00e9lka sekce &#8211; 2 m) konstrukce na li\u017ein\u00e1ch; vyrobeno z \u017e\u00e1rov\u011b pozinkovan\u00e9 oceli st\u0159echa je zateplena PVC tlou\u0161\u0165kou 80 mm standardn\u00ed PUR panely 40mm, voliteln\u011b 80mm [\/vc_column_text][\/vc_column][vc_column width=&#8221;1\/2&#8243;][vc_single_image image=&#8221;1127&#8243; img_size=&#8221;large&#8221; css=&#8221;&#8221;][\/vc_column][\/vc_row][vc_row][vc_column [&hellip;]<\/p>\n","protected":false},"author":1,"featured_media":0,"parent":0,"menu_order":0,"comment_status":"closed","ping_status":"closed","template":"one-page-template.php","meta":{"footnotes":""},"class_list":["post-1109","page","type-page","status-publish","hentry"],"_links":{"self":[{"href":"https:\/\/progresstunnels.cz\/index.php?rest_route=\/wp\/v2\/pages\/1109","targetHints":{"allow":["GET"]}}],"collection":[{"href":"https:\/\/progresstunnels.cz\/index.php?rest_route=\/wp\/v2\/pages"}],"about":[{"href":"https:\/\/progresstunnels.cz\/index.php?rest_route=\/wp\/v2\/types\/page"}],"author":[{"embeddable":true,"href":"https:\/\/progresstunnels.cz\/index.php?rest_route=\/wp\/v2\/users\/1"}],"replies":[{"embeddable":true,"href":"https:\/\/progresstunnels.cz\/index.php?rest_route=%2Fwp%2Fv2%2Fcomments&post=1109"}],"version-history":[{"count":15,"href":"https:\/\/progresstunnels.cz\/index.php?rest_route=\/wp\/v2\/pages\/1109\/revisions"}],"predecessor-version":[{"id":1153,"href":"https:\/\/progresstunnels.cz\/index.php?rest_route=\/wp\/v2\/pages\/1109\/revisions\/1153"}],"wp:attachment":[{"href":"https:\/\/progresstunnels.cz\/index.php?rest_route=%2Fwp%2Fv2%2Fmedia&parent=1109"}],"curies":[{"name":"wp","href":"https:\/\/api.w.org\/{rel}","templated":true}]}}